{"id":55021,"date":"2021-09-06T09:37:10","date_gmt":"2021-09-06T08:37:10","guid":{"rendered":"https:\/\/cigarquality.com\/?post_type=product&#038;p=55021"},"modified":"2026-04-10T17:47:24","modified_gmt":"2026-04-10T15:47:24","slug":"vegueros-centrofinos-4x4","status":"publish","type":"product","link":"https:\/\/cigarquality.com\/ja\/boutique\/cigares-cubains\/vegueros\/vegueros-centrofinos-4x4\/","title":{"rendered":"Vegueros Centrofinos (4&#215;4)"},"content":{"rendered":"<p>L&rsquo;un des trois derniers produits fabriqu\u00e9s par Habanos SA pour la marque Vegueros.\u00a0Chaque nouveau produit de Habanos SA a toujours \u00e9t\u00e9 de qualit\u00e9 et ce cigare est vraiment bon pour son prix.\u00a0Il laissera un go\u00fbt sal\u00e9 en bouche. <strong>Le Vegueros Centrofinos<\/strong> pr\u00e9sente le nouveau look de la marque dans un paquet de 4 unit\u00e9s. C&rsquo;est un format tendance, tr\u00e8s appr\u00e9ci\u00e9 du fumeur qui cherche <strong>un meilleur prix sans oublier la qualit\u00e9.<\/strong> Des \u00e9pices de poivre et de c\u00e8dre, une douceur fleurie et des notes am\u00e8res d\u00e9licates font de ce format Vegueros Centrofinos un traitement \u00e9quilibr\u00e9.<\/p>","protected":false},"excerpt":{"rendered":"<p>4 \u00e9tui de 4 cigares.<\/p>","protected":false},"featured_media":55022,"template":"","meta":{"_acf_changed":false},"product_brand":[],"product_cat":[19809,19845,25818],"product_tag":[],"class_list":{"0":"post-55021","1":"product","2":"type-product","3":"status-publish","4":"has-post-thumbnail","6":"product_cat-cigares","7":"product_cat-cigares-cubains","8":"product_cat-vegueros","9":"product_shipping_class-cigares","11":"first","12":"outofstock","13":"taxable","14":"shipping-taxable","15":"purchasable","16":"product-type-simple"},"acf":[],"_links":{"self":[{"href":"https:\/\/cigarquality.com\/ja\/wp-json\/wp\/v2\/product\/55021","targetHints":{"allow":["GET"]}}],"collection":[{"href":"https:\/\/cigarquality.com\/ja\/wp-json\/wp\/v2\/product"}],"about":[{"href":"https:\/\/cigarquality.com\/ja\/wp-json\/wp\/v2\/types\/product"}],"wp:featuredmedia":[{"embeddable":true,"href":"https:\/\/cigarquality.com\/ja\/wp-json\/wp\/v2\/media\/55022"}],"wp:attachment":[{"href":"https:\/\/cigarquality.com\/ja\/wp-json\/wp\/v2\/media?parent=55021"}],"wp:term":[{"taxonomy":"product_brand","embeddable":true,"href":"https:\/\/cigarquality.com\/ja\/wp-json\/wp\/v2\/product_brand?post=55021"},{"taxonomy":"product_cat","embeddable":true,"href":"https:\/\/cigarquality.com\/ja\/wp-json\/wp\/v2\/product_cat?post=55021"},{"taxonomy":"product_tag","embeddable":true,"href":"https:\/\/cigarquality.com\/ja\/wp-json\/wp\/v2\/product_tag?post=55021"}],"curies":[{"name":"wp","href":"https:\/\/api.w.org\/{rel}","templated":true}]}}