{"id":55012,"date":"2021-09-03T16:30:41","date_gmt":"2021-09-03T14:30:41","guid":{"rendered":"https:\/\/cigarquality.com\/?post_type=product&#038;p=55012"},"modified":"2026-02-16T09:42:57","modified_gmt":"2026-02-16T08:42:57","slug":"romeo-y-julieta-wide-churchill-tubos-5x3","status":"publish","type":"product","link":"https:\/\/cigarquality.com\/ja\/boutique\/cigares-cubains\/romeo-y-julieta-cigares-cubains\/romeo-y-julieta-wide-churchill-tubos-5x3\/","title":{"rendered":"Romeo y Julieta Wide Churchill Tubos (5&#215;3)"},"content":{"rendered":"<p><strong>Le Romeo Y Julieta Wide Churchill est le grand fr\u00e8re du \u201cShort Churchill\u201d<\/strong>\u00a0qui fit son apparition en 2006. Romeo Y Julieta rend avec le \u201cWide Churchill\u201d\u00a0<strong>un nouvel hommage \u00e0 Winston Churchill<\/strong>\u00a0qui contribua \u00e0 la notori\u00e9t\u00e9 de la marque. Son diam\u00e8tre de 21.65 mm (bague 55) le positionne comme le plus gros calibre de Romeo Y Julieta, pour une longueur de 130 mm. Les fid\u00e8les de la marque appr\u00e9cieront bien s\u00fbr sa grosseur mais surtout ses ar\u00f4mes l\u00e9gers, son \u00e9quilibre, sa douceur et sa parfaite combustion.<\/p>","protected":false},"excerpt":{"rendered":"<p>\u30c1\u30e5\u30fc\u30d6\u5165\u308a\u8449\u5dfb3\u672c\u5165\u308a5\u7bb1\u3002.<\/p>","protected":false},"featured_media":55014,"template":"","meta":{"_acf_changed":false},"product_brand":[],"product_cat":[19809,19845,20927],"product_tag":[],"class_list":{"0":"post-55012","1":"product","2":"type-product","3":"status-publish","4":"has-post-thumbnail","6":"product_cat-cigares","7":"product_cat-cigares-cubains","8":"product_cat-romeo-y-julieta-cigares-cubains","9":"product_shipping_class-cigares","11":"first","12":"outofstock","13":"taxable","14":"shipping-taxable","15":"purchasable","16":"product-type-simple"},"acf":[],"_links":{"self":[{"href":"https:\/\/cigarquality.com\/ja\/wp-json\/wp\/v2\/product\/55012","targetHints":{"allow":["GET"]}}],"collection":[{"href":"https:\/\/cigarquality.com\/ja\/wp-json\/wp\/v2\/product"}],"about":[{"href":"https:\/\/cigarquality.com\/ja\/wp-json\/wp\/v2\/types\/product"}],"wp:featuredmedia":[{"embeddable":true,"href":"https:\/\/cigarquality.com\/ja\/wp-json\/wp\/v2\/media\/55014"}],"wp:attachment":[{"href":"https:\/\/cigarquality.com\/ja\/wp-json\/wp\/v2\/media?parent=55012"}],"wp:term":[{"taxonomy":"product_brand","embeddable":true,"href":"https:\/\/cigarquality.com\/ja\/wp-json\/wp\/v2\/product_brand?post=55012"},{"taxonomy":"product_cat","embeddable":true,"href":"https:\/\/cigarquality.com\/ja\/wp-json\/wp\/v2\/product_cat?post=55012"},{"taxonomy":"product_tag","embeddable":true,"href":"https:\/\/cigarquality.com\/ja\/wp-json\/wp\/v2\/product_tag?post=55012"}],"curies":[{"name":"wp","href":"https:\/\/api.w.org\/{rel}","templated":true}]}}