{"id":54976,"date":"2021-09-01T10:34:45","date_gmt":"2021-09-01T09:34:45","guid":{"rendered":"https:\/\/cigarquality.com\/?post_type=product&#038;p=54976"},"modified":"2026-03-24T16:46:21","modified_gmt":"2026-03-24T15:46:21","slug":"quintero-tubulares-tubos-5x3","status":"publish","type":"product","link":"https:\/\/cigarquality.com\/ja\/boutique\/cigares-cubains\/quintero\/quintero-tubulares-tubos-5x3\/","title":{"rendered":"Quintero Tubulares Tubos (5&#215;3)"},"content":{"rendered":"<p>Apr\u00e8s les <a href=\"\/ja\/boutique\/cigares-cubains\/quintero\/quintero-favoritos-25\/\"><strong>Quintero Favoritos<\/strong><\/a> et le <a href=\"\/ja\/boutique\/cigares-cubains\/quintero\/quintero-petit-quintero-25\/\"><strong>Petit Quintero<\/strong><\/a>, le <strong>Quintero Tubulares<\/strong> est le troisi\u00e8me lancement de la marque traditionnelle de cigares <a href=\"\/ja\/product-category\/cigares-cubains\/quintero\/\"><strong>\u30ad\u30f3\u30c6\u30fc\u30ed<\/strong><\/a> ces derni\u00e8res ann\u00e9es. Il a \u00e9t\u00e9 introduit pour la saison estivale 2016 sans trop de bruit et jouit depuis d&rsquo;une grande popularit\u00e9.<\/p>\n<p>Des ar\u00f4mes typiquement cubains en rapport avec le tube en aluminium tr\u00e8s pratique \u00e0 emporter font de ce cigare Brevas (JLP), comparable en termes de taille \u00e0 un <strong><a href=\"\/ja\/boutique\/cigares-cubains\/jose-l-piedra\/jose-l-piedra-brevas-25\/\">Jos\u00e9 L. Piedra Brevas<\/a><\/strong>, un compagnon tr\u00e8s agr\u00e9able pour une pause caf\u00e9 en plein air ou pour un barbecue. <strong>A 4.10 CHF le cigare<\/strong> vous ne pouvez pas vous attendre \u00e0 gagner un lot de beaut\u00e9, mais le go\u00fbt convient et donne envie de plus !<\/p>","protected":false},"excerpt":{"rendered":"<p>\u30c1\u30e5\u30fc\u30d6\u5165\u308a\u8449\u5dfb3\u672c\u5165\u308a5\u7bb1\u3002.<\/p>","protected":false},"featured_media":54977,"template":"","meta":{"_acf_changed":false},"product_brand":[],"product_cat":[19809,19845,21582],"product_tag":[],"class_list":{"0":"post-54976","1":"product","2":"type-product","3":"status-publish","4":"has-post-thumbnail","6":"product_cat-cigares","7":"product_cat-cigares-cubains","8":"product_cat-quintero","9":"product_shipping_class-cigares","11":"first","12":"outofstock","13":"taxable","14":"shipping-taxable","15":"purchasable","16":"product-type-simple"},"acf":[],"_links":{"self":[{"href":"https:\/\/cigarquality.com\/ja\/wp-json\/wp\/v2\/product\/54976","targetHints":{"allow":["GET"]}}],"collection":[{"href":"https:\/\/cigarquality.com\/ja\/wp-json\/wp\/v2\/product"}],"about":[{"href":"https:\/\/cigarquality.com\/ja\/wp-json\/wp\/v2\/types\/product"}],"wp:featuredmedia":[{"embeddable":true,"href":"https:\/\/cigarquality.com\/ja\/wp-json\/wp\/v2\/media\/54977"}],"wp:attachment":[{"href":"https:\/\/cigarquality.com\/ja\/wp-json\/wp\/v2\/media?parent=54976"}],"wp:term":[{"taxonomy":"product_brand","embeddable":true,"href":"https:\/\/cigarquality.com\/ja\/wp-json\/wp\/v2\/product_brand?post=54976"},{"taxonomy":"product_cat","embeddable":true,"href":"https:\/\/cigarquality.com\/ja\/wp-json\/wp\/v2\/product_cat?post=54976"},{"taxonomy":"product_tag","embeddable":true,"href":"https:\/\/cigarquality.com\/ja\/wp-json\/wp\/v2\/product_tag?post=54976"}],"curies":[{"name":"wp","href":"https:\/\/api.w.org\/{rel}","templated":true}]}}