{"id":54949,"date":"2021-08-31T10:04:05","date_gmt":"2021-08-31T09:04:05","guid":{"rendered":"https:\/\/cigarquality.com\/?post_type=product&#038;p=54949"},"modified":"2026-04-08T15:04:11","modified_gmt":"2026-04-08T13:04:11","slug":"partagas-serie-d-no-4-tubos-5x3","status":"publish","type":"product","link":"https:\/\/cigarquality.com\/ja\/boutique\/cigares-cubains\/partagas\/partagas-serie-d-no-4-tubos-5x3\/","title":{"rendered":"\u30d1\u30eb\u30bf\u30ac\u30b9 \u30bb\u30ea\u30a8D No."},"content":{"rendered":"<p>Dot\u00e9 d&rsquo;un excellent tirage, le tr\u00e8s r\u00e9put\u00e9<strong> Partagas Serie D No. 4<\/strong> laisse exprimer sur la langue un piquant tr\u00e8s notable. Des ar\u00f4mes de menthol, d&rsquo;herbe fra\u00eeche, de terre et d&rsquo;\u00e9pices se diffusent dans le palais. <strong>Le tirage est agr\u00e9able et facile pour ce module d&rsquo;exception.<\/strong><\/p>","protected":false},"excerpt":{"rendered":"<p>\u30c1\u30e5\u30fc\u30d6\u5165\u308a\u8449\u5dfb3\u672c\u5165\u308a5\u7bb1\u3002.<\/p>","protected":false},"featured_media":54950,"template":"","meta":{"_acf_changed":false},"product_brand":[],"product_cat":[19809,19845,20349],"product_tag":[],"class_list":{"0":"post-54949","1":"product","2":"type-product","3":"status-publish","4":"has-post-thumbnail","6":"product_cat-cigares","7":"product_cat-cigares-cubains","8":"product_cat-partagas","9":"product_shipping_class-cigares","11":"first","12":"instock","13":"taxable","14":"shipping-taxable","15":"purchasable","16":"product-type-simple"},"acf":[],"_links":{"self":[{"href":"https:\/\/cigarquality.com\/ja\/wp-json\/wp\/v2\/product\/54949","targetHints":{"allow":["GET"]}}],"collection":[{"href":"https:\/\/cigarquality.com\/ja\/wp-json\/wp\/v2\/product"}],"about":[{"href":"https:\/\/cigarquality.com\/ja\/wp-json\/wp\/v2\/types\/product"}],"wp:featuredmedia":[{"embeddable":true,"href":"https:\/\/cigarquality.com\/ja\/wp-json\/wp\/v2\/media\/54950"}],"wp:attachment":[{"href":"https:\/\/cigarquality.com\/ja\/wp-json\/wp\/v2\/media?parent=54949"}],"wp:term":[{"taxonomy":"product_brand","embeddable":true,"href":"https:\/\/cigarquality.com\/ja\/wp-json\/wp\/v2\/product_brand?post=54949"},{"taxonomy":"product_cat","embeddable":true,"href":"https:\/\/cigarquality.com\/ja\/wp-json\/wp\/v2\/product_cat?post=54949"},{"taxonomy":"product_tag","embeddable":true,"href":"https:\/\/cigarquality.com\/ja\/wp-json\/wp\/v2\/product_tag?post=54949"}],"curies":[{"name":"wp","href":"https:\/\/api.w.org\/{rel}","templated":true}]}}