{"id":54947,"date":"2021-08-31T09:03:33","date_gmt":"2021-08-31T08:03:33","guid":{"rendered":"https:\/\/cigarquality.com\/?post_type=product&#038;p=54947"},"modified":"2026-01-06T11:39:54","modified_gmt":"2026-01-06T10:39:54","slug":"montecristo-petit-tubos-5x5","status":"publish","type":"product","link":"https:\/\/cigarquality.com\/ja\/boutique\/cigares-cubains\/montecristo\/montecristo-linea-clasica\/montecristo-petit-tubos-5x5\/","title":{"rendered":"\u30e2\u30f3\u30c6\u30af\u30ea\u30b9\u30c8\u30fb\u30d7\u30c6\u30a3\u30fb\u30c1\u30e5\u30fc\u30dc\u30b9\uff085\u00d75\uff09"},"content":{"rendered":"<p><strong>Le Montecristo Petit Tubos<\/strong> correspond au <a href=\"\/ja\/boutique\/cigares-cubains\/montecristo\/montecristo-linea-clasica\/montecristo-no-4-25\/\">\u30e2\u30f3\u30c6\u30af\u30ea\u30b9\u30c8No.4<\/a>, m\u00fbrit mieux dans le tube car les saveurs sont isol\u00e9es. L\u2019emballage a l\u2019avantage que le cigare peut \u00eatre facilement transport\u00e9 et peut se passer d\u2019un humidificateur pendant une courte p\u00e9riode, ce qui le rend id\u00e9al pour dans la poche de votre veste et pour un plaisir de fumer non pr\u00e9vu.<\/p>","protected":false},"excerpt":{"rendered":"<p>\u30c1\u30e5\u30fc\u30d6\u5165\u308a5\u672c\u5165\u308a5\u7bb1\u3002.<\/p>","protected":false},"featured_media":54948,"template":"","meta":{"_acf_changed":false},"product_brand":[],"product_cat":[19809,19845,20617,20635],"product_tag":[],"class_list":{"0":"post-54947","1":"product","2":"type-product","3":"status-publish","4":"has-post-thumbnail","6":"product_cat-cigares","7":"product_cat-cigares-cubains","8":"product_cat-montecristo","9":"product_cat-montecristo-linea-clasica","10":"product_shipping_class-cigares","12":"first","13":"instock","14":"taxable","15":"shipping-taxable","16":"purchasable","17":"product-type-simple"},"acf":[],"_links":{"self":[{"href":"https:\/\/cigarquality.com\/ja\/wp-json\/wp\/v2\/product\/54947","targetHints":{"allow":["GET"]}}],"collection":[{"href":"https:\/\/cigarquality.com\/ja\/wp-json\/wp\/v2\/product"}],"about":[{"href":"https:\/\/cigarquality.com\/ja\/wp-json\/wp\/v2\/types\/product"}],"wp:featuredmedia":[{"embeddable":true,"href":"https:\/\/cigarquality.com\/ja\/wp-json\/wp\/v2\/media\/54948"}],"wp:attachment":[{"href":"https:\/\/cigarquality.com\/ja\/wp-json\/wp\/v2\/media?parent=54947"}],"wp:term":[{"taxonomy":"product_brand","embeddable":true,"href":"https:\/\/cigarquality.com\/ja\/wp-json\/wp\/v2\/product_brand?post=54947"},{"taxonomy":"product_cat","embeddable":true,"href":"https:\/\/cigarquality.com\/ja\/wp-json\/wp\/v2\/product_cat?post=54947"},{"taxonomy":"product_tag","embeddable":true,"href":"https:\/\/cigarquality.com\/ja\/wp-json\/wp\/v2\/product_tag?post=54947"}],"curies":[{"name":"wp","href":"https:\/\/api.w.org\/{rel}","templated":true}]}}