{"id":54903,"date":"2021-08-26T14:50:21","date_gmt":"2021-08-26T13:50:21","guid":{"rendered":"https:\/\/cigarquality.com\/?post_type=product&#038;p=54903"},"modified":"2026-04-13T12:00:45","modified_gmt":"2026-04-13T10:00:45","slug":"montecristo-no-2-5x3","status":"publish","type":"product","link":"https:\/\/cigarquality.com\/ja\/boutique\/cigares-cubains\/montecristo\/montecristo-linea-clasica\/montecristo-no-2-5x3\/","title":{"rendered":"Montecristo No. 2 (5&#215;3)"},"content":{"rendered":"<p>Voici un obus qui est depuis des lustres l&rsquo;un des fers de lance de la production Montecristo, <strong>le Montecristo No. 2.<\/strong> L&rsquo;allumage est ample et vigoureux. Les touches bois\u00e9es-herbac\u00e9es se mettent en place, rejointes par les notes \u00e9pic\u00e9es et de caf\u00e9 torr\u00e9fi\u00e9. Le tout est constant, bien \u00e9quilibr\u00e9, correctement a\u00e9r\u00e9. La puissance ne cesse de grimper sans \u00eatre toutefois envahissante.<\/p>","protected":false},"excerpt":{"rendered":"<p>5 bo\u00eetes de 3 cigares.<\/p>","protected":false},"featured_media":54904,"template":"","meta":{"_acf_changed":false},"product_brand":[],"product_cat":[19809,19845,35059,20617,20635,20666],"product_tag":[],"class_list":{"0":"post-54903","1":"product","2":"type-product","3":"status-publish","4":"has-post-thumbnail","6":"product_cat-cigares","7":"product_cat-cigares-cubains","8":"product_cat-etuis-de-3-a-5-cigares","9":"product_cat-montecristo","10":"product_cat-montecristo-linea-clasica","11":"product_cat-montecristo-linea-edmundo","12":"product_shipping_class-cigares","14":"first","15":"instock","16":"taxable","17":"shipping-taxable","18":"purchasable","19":"product-type-simple"},"acf":[],"_links":{"self":[{"href":"https:\/\/cigarquality.com\/ja\/wp-json\/wp\/v2\/product\/54903","targetHints":{"allow":["GET"]}}],"collection":[{"href":"https:\/\/cigarquality.com\/ja\/wp-json\/wp\/v2\/product"}],"about":[{"href":"https:\/\/cigarquality.com\/ja\/wp-json\/wp\/v2\/types\/product"}],"wp:featuredmedia":[{"embeddable":true,"href":"https:\/\/cigarquality.com\/ja\/wp-json\/wp\/v2\/media\/54904"}],"wp:attachment":[{"href":"https:\/\/cigarquality.com\/ja\/wp-json\/wp\/v2\/media?parent=54903"}],"wp:term":[{"taxonomy":"product_brand","embeddable":true,"href":"https:\/\/cigarquality.com\/ja\/wp-json\/wp\/v2\/product_brand?post=54903"},{"taxonomy":"product_cat","embeddable":true,"href":"https:\/\/cigarquality.com\/ja\/wp-json\/wp\/v2\/product_cat?post=54903"},{"taxonomy":"product_tag","embeddable":true,"href":"https:\/\/cigarquality.com\/ja\/wp-json\/wp\/v2\/product_tag?post=54903"}],"curies":[{"name":"wp","href":"https:\/\/api.w.org\/{rel}","templated":true}]}}