{"id":54877,"date":"2021-08-25T15:34:06","date_gmt":"2021-08-25T14:34:06","guid":{"rendered":"https:\/\/cigarquality.com\/?post_type=product&#038;p=54877"},"modified":"2026-04-07T12:22:23","modified_gmt":"2026-04-07T10:22:23","slug":"montecristo-edmundo-5x3","status":"publish","type":"product","link":"https:\/\/cigarquality.com\/ja\/boutique\/cigares-cubains\/montecristo\/montecristo-linea-clasica\/montecristo-edmundo-5x3\/","title":{"rendered":"\u30e2\u30f3\u30c6\u30af\u30ea\u30b9\u30c8\u30fb\u30a8\u30c9\u30e0\u30f3\u30c9\uff085\u00d73\uff09"},"content":{"rendered":"<p>Le Montecristo Edmundo, un grand Robusto qui se distingue par une grande \u00e9l\u00e9gance, est enrob\u00e9 dans une cape grasse \u00e0 l&rsquo;ar\u00f4me bois\u00e9. A l&rsquo;allumage, l&rsquo;on d\u00e9couvre une vitole all\u00e9chante au c\u0153ur tendre dot\u00e9 d&rsquo;un tr\u00e8s bon tirage. La rondeur est manifeste, la fum\u00e9e est assez grasse, nuanc\u00e9e par des notes plut\u00f4t relev\u00e9es de touches poivr\u00e9es et d&rsquo;un fond herbac\u00e9. Au deuxi\u00e8me tiers, cette tonalit\u00e9 de sous-bois humide est couronn\u00e9e par la foug\u00e8re et le champignon. Le final est parfait et plein de relief et d&rsquo;ardeur. Le Montecristo Edmundo est \u00e9quilibr\u00e9, tranquille et rassurant.<\/p>","protected":false},"excerpt":{"rendered":"<p>\u8449\u5dfb3\u672c\u5165\u308a5\u7bb1\u3002.<\/p>","protected":false},"featured_media":54878,"template":"","meta":{"_acf_changed":false},"product_brand":[],"product_cat":[19809,19845,35059,20617,20635,20666],"product_tag":[],"class_list":{"0":"post-54877","1":"product","2":"type-product","3":"status-publish","4":"has-post-thumbnail","6":"product_cat-cigares","7":"product_cat-cigares-cubains","8":"product_cat-etuis-de-3-a-5-cigares","9":"product_cat-montecristo","10":"product_cat-montecristo-linea-clasica","11":"product_cat-montecristo-linea-edmundo","12":"product_shipping_class-cigares","14":"first","15":"instock","16":"taxable","17":"shipping-taxable","18":"purchasable","19":"product-type-simple"},"acf":[],"_links":{"self":[{"href":"https:\/\/cigarquality.com\/ja\/wp-json\/wp\/v2\/product\/54877","targetHints":{"allow":["GET"]}}],"collection":[{"href":"https:\/\/cigarquality.com\/ja\/wp-json\/wp\/v2\/product"}],"about":[{"href":"https:\/\/cigarquality.com\/ja\/wp-json\/wp\/v2\/types\/product"}],"wp:featuredmedia":[{"embeddable":true,"href":"https:\/\/cigarquality.com\/ja\/wp-json\/wp\/v2\/media\/54878"}],"wp:attachment":[{"href":"https:\/\/cigarquality.com\/ja\/wp-json\/wp\/v2\/media?parent=54877"}],"wp:term":[{"taxonomy":"product_brand","embeddable":true,"href":"https:\/\/cigarquality.com\/ja\/wp-json\/wp\/v2\/product_brand?post=54877"},{"taxonomy":"product_cat","embeddable":true,"href":"https:\/\/cigarquality.com\/ja\/wp-json\/wp\/v2\/product_cat?post=54877"},{"taxonomy":"product_tag","embeddable":true,"href":"https:\/\/cigarquality.com\/ja\/wp-json\/wp\/v2\/product_tag?post=54877"}],"curies":[{"name":"wp","href":"https:\/\/api.w.org\/{rel}","templated":true}]}}