{"id":54666,"date":"2021-08-16T14:17:46","date_gmt":"2021-08-16T13:17:46","guid":{"rendered":"https:\/\/cigarquality.com\/?post_type=product&#038;p=54666"},"modified":"2026-04-13T15:51:02","modified_gmt":"2026-04-13T13:51:02","slug":"jose-l-piedra-petit-cazadores-5x5","status":"publish","type":"product","link":"https:\/\/cigarquality.com\/ja\/boutique\/cigares-cubains\/jose-l-piedra\/jose-l-piedra-petit-cazadores-5x5\/","title":{"rendered":"Jose L. Piedra Petit Cazadores (5&#215;5)"},"content":{"rendered":"<p>Ce Jose L. Piedra Petit Cazadores a du punch et de l&rsquo;allant. Ses saveurs franches et terreuses \u00e0 l&rsquo;allumage lui conf\u00e8rent une ind\u00e9niable et agr\u00e9able rusticit\u00e9. Au fil de la d\u00e9gustation, son ardeur va crescendo. Il conserve jusqu&rsquo;au bout cette humeur constante. La puissance est correcte et la vitole progresse \u00e0 un bon rythme.<\/p>","protected":false},"excerpt":{"rendered":"<p>\u8449\u5dfb5\u672c\u5165\u308a5\u7bb1\u3002.<\/p>","protected":false},"featured_media":54667,"template":"","meta":{"_acf_changed":false},"product_brand":[],"product_cat":[19809,19845,21409],"product_tag":[],"class_list":{"0":"post-54666","1":"product","2":"type-product","3":"status-publish","4":"has-post-thumbnail","6":"product_cat-cigares","7":"product_cat-cigares-cubains","8":"product_cat-jose-l-piedra","9":"product_shipping_class-cigares","11":"first","12":"outofstock","13":"taxable","14":"shipping-taxable","15":"purchasable","16":"product-type-simple"},"acf":[],"_links":{"self":[{"href":"https:\/\/cigarquality.com\/ja\/wp-json\/wp\/v2\/product\/54666","targetHints":{"allow":["GET"]}}],"collection":[{"href":"https:\/\/cigarquality.com\/ja\/wp-json\/wp\/v2\/product"}],"about":[{"href":"https:\/\/cigarquality.com\/ja\/wp-json\/wp\/v2\/types\/product"}],"wp:featuredmedia":[{"embeddable":true,"href":"https:\/\/cigarquality.com\/ja\/wp-json\/wp\/v2\/media\/54667"}],"wp:attachment":[{"href":"https:\/\/cigarquality.com\/ja\/wp-json\/wp\/v2\/media?parent=54666"}],"wp:term":[{"taxonomy":"product_brand","embeddable":true,"href":"https:\/\/cigarquality.com\/ja\/wp-json\/wp\/v2\/product_brand?post=54666"},{"taxonomy":"product_cat","embeddable":true,"href":"https:\/\/cigarquality.com\/ja\/wp-json\/wp\/v2\/product_cat?post=54666"},{"taxonomy":"product_tag","embeddable":true,"href":"https:\/\/cigarquality.com\/ja\/wp-json\/wp\/v2\/product_tag?post=54666"}],"curies":[{"name":"wp","href":"https:\/\/api.w.org\/{rel}","templated":true}]}}