{"id":54492,"date":"2021-08-09T14:58:20","date_gmt":"2021-08-09T13:58:20","guid":{"rendered":"https:\/\/cigarquality.com\/?post_type=product&#038;p=54492"},"modified":"2026-04-01T12:10:08","modified_gmt":"2026-04-01T10:10:08","slug":"hoyo-de-monterrey-epicure-no-2-5x3","status":"publish","type":"product","link":"https:\/\/cigarquality.com\/ja\/boutique\/cigares-cubains\/hoyo-de-monterrey\/hoyo-de-monterrey-epicure\/hoyo-de-monterrey-epicure-no-2-5x3\/","title":{"rendered":"Hoyo De Monterrey Epicure No. 2 (5&#215;3)"},"content":{"rendered":"<p>Beaucoup de fumeurs auront commenc\u00e9 leur apprentissage cubain avec cet agr\u00e9able Robusto. Son bouquet floral, mis en valeur par une touche de pain d\u2019\u00e9pice, s\u2019ouvre sur une note totalement inattendue, mais agr\u00e9able et fra\u00eeche. C\u2019est un cigare moyennement cors\u00e9, mais la complexit\u00e9 du m\u00e9lange peut parfois le rendre plus fort au palais des novices. <strong>Le Hoyo De Monterrey Epicure No. 2 sera le plus appr\u00e9ci\u00e9 lors d\u2019une douce promenade dans la for\u00eat.<\/strong><\/p>","protected":false},"excerpt":{"rendered":"<p>Bo\u00eete de 3 cigares.<\/p>","protected":false},"featured_media":54493,"template":"","meta":{"_acf_changed":false},"product_brand":[],"product_cat":[19809,19845,20969,45387,16866],"product_tag":[10823],"class_list":{"0":"post-54492","1":"product","2":"type-product","3":"status-publish","4":"has-post-thumbnail","6":"product_cat-cigares","7":"product_cat-cigares-cubains","8":"product_cat-hoyo-de-monterrey","9":"product_cat-hoyo-de-monterrey-epicure","10":"product_cat-les-meilleurs-cigares","11":"product_tag-gingembre","12":"product_shipping_class-cigares","14":"first","15":"outofstock","16":"taxable","17":"shipping-taxable","18":"purchasable","19":"product-type-simple"},"acf":[],"_links":{"self":[{"href":"https:\/\/cigarquality.com\/ja\/wp-json\/wp\/v2\/product\/54492","targetHints":{"allow":["GET"]}}],"collection":[{"href":"https:\/\/cigarquality.com\/ja\/wp-json\/wp\/v2\/product"}],"about":[{"href":"https:\/\/cigarquality.com\/ja\/wp-json\/wp\/v2\/types\/product"}],"wp:featuredmedia":[{"embeddable":true,"href":"https:\/\/cigarquality.com\/ja\/wp-json\/wp\/v2\/media\/54493"}],"wp:attachment":[{"href":"https:\/\/cigarquality.com\/ja\/wp-json\/wp\/v2\/media?parent=54492"}],"wp:term":[{"taxonomy":"product_brand","embeddable":true,"href":"https:\/\/cigarquality.com\/ja\/wp-json\/wp\/v2\/product_brand?post=54492"},{"taxonomy":"product_cat","embeddable":true,"href":"https:\/\/cigarquality.com\/ja\/wp-json\/wp\/v2\/product_cat?post=54492"},{"taxonomy":"product_tag","embeddable":true,"href":"https:\/\/cigarquality.com\/ja\/wp-json\/wp\/v2\/product_tag?post=54492"}],"curies":[{"name":"wp","href":"https:\/\/api.w.org\/{rel}","templated":true}]}}