{"id":54458,"date":"2021-08-06T11:51:53","date_gmt":"2021-08-06T09:51:53","guid":{"rendered":"https:\/\/cigarquality.com\/?post_type=product&#038;p=54458"},"modified":"2026-01-07T09:02:32","modified_gmt":"2026-01-07T08:02:32","slug":"h-upmann-half-corona-5x5","status":"publish","type":"product","link":"https:\/\/cigarquality.com\/ja\/boutique\/cigares-cubains\/h-upmann\/hupmann-linea-clasica\/h-upmann-half-corona-5x5\/","title":{"rendered":"H.\u30a2\u30c3\u30d7\u30de\u30f3\u30cf\u30fc\u30d5\u30b3\u30ed\u30ca\uff085\u00d75\uff09"},"content":{"rendered":"<p><strong>La bo\u00eete m\u00e9tallique contient 5 cigares cubains H. Upmann Half Corona,<\/strong> c&rsquo;est un module id\u00e9al pour le fumeur qui cherche un cigare de caract\u00e8re, sans concession. L&rsquo;apparence est soign\u00e9e les ar\u00f4mes \u00e0 cru s&rsquo;orientent vers le bois pr\u00e9cieux et le cuir. La fum\u00e9e, puissante, concentre des ar\u00f4mes de poivre et de champignon. Une vitole dynamique, enthousiaste et moderne.<\/p>","protected":false},"excerpt":{"rendered":"<p>\u8449\u5dfb5\u672c\u5165\u308a5\u7bb1\u3002.<\/p>","protected":false},"featured_media":54459,"template":"","meta":{"_acf_changed":false},"product_brand":[],"product_cat":[19809,19845,20967,45382],"product_tag":[],"class_list":{"0":"post-54458","1":"product","2":"type-product","3":"status-publish","4":"has-post-thumbnail","6":"product_cat-cigares","7":"product_cat-cigares-cubains","8":"product_cat-h-upmann","9":"product_cat-hupmann-linea-clasica","10":"product_shipping_class-cigares","12":"first","13":"outofstock","14":"taxable","15":"shipping-taxable","16":"purchasable","17":"product-type-simple"},"acf":[],"_links":{"self":[{"href":"https:\/\/cigarquality.com\/ja\/wp-json\/wp\/v2\/product\/54458","targetHints":{"allow":["GET"]}}],"collection":[{"href":"https:\/\/cigarquality.com\/ja\/wp-json\/wp\/v2\/product"}],"about":[{"href":"https:\/\/cigarquality.com\/ja\/wp-json\/wp\/v2\/types\/product"}],"wp:featuredmedia":[{"embeddable":true,"href":"https:\/\/cigarquality.com\/ja\/wp-json\/wp\/v2\/media\/54459"}],"wp:attachment":[{"href":"https:\/\/cigarquality.com\/ja\/wp-json\/wp\/v2\/media?parent=54458"}],"wp:term":[{"taxonomy":"product_brand","embeddable":true,"href":"https:\/\/cigarquality.com\/ja\/wp-json\/wp\/v2\/product_brand?post=54458"},{"taxonomy":"product_cat","embeddable":true,"href":"https:\/\/cigarquality.com\/ja\/wp-json\/wp\/v2\/product_cat?post=54458"},{"taxonomy":"product_tag","embeddable":true,"href":"https:\/\/cigarquality.com\/ja\/wp-json\/wp\/v2\/product_tag?post=54458"}],"curies":[{"name":"wp","href":"https:\/\/api.w.org\/{rel}","templated":true}]}}