{"id":54446,"date":"2021-08-05T15:36:24","date_gmt":"2021-08-05T14:36:24","guid":{"rendered":"https:\/\/cigarquality.com\/?post_type=product&#038;p=54446"},"modified":"2026-01-05T10:46:25","modified_gmt":"2026-01-05T09:46:25","slug":"cohiba-siglo-3-tubos-5x3","status":"publish","type":"product","link":"https:\/\/cigarquality.com\/ja\/boutique\/cigares-cubains\/cohiba\/cohiba-siglo\/cohiba-siglo-3-tubos-5x3\/","title":{"rendered":"Cohiba Siglo 3 Tubos (5&#215;3)"},"content":{"rendered":"<p><strong>Le Cohiba Siglo 3 Tubos (Cohiba Siglo III) est magnifiquement drap\u00e9 dans une cape chocolat.<\/strong> Le module est dot\u00e9 d&rsquo;une excellente compacit\u00e9 et affiche une fabrication de qualit\u00e9. \u00c0 cru, il pr\u00e9sente des touches \u00e9pic\u00e9es avec des pointes de cacao. Lors des premi\u00e8res bouff\u00e9es, on remarque rapidement l&rsquo;excellent tirage. La puissance est contr\u00f4l\u00e9e dans une fum\u00e9e ample et \u00e9quilibr\u00e9e. La palette aromatique \u00e9volue des notes bois\u00e9es \u00e0 des touches de cuir et de r\u00e9glisse.<\/p>","protected":false},"excerpt":{"rendered":"<p>\u30c1\u30e5\u30fc\u30d6\u5165\u308a\u8449\u5dfb3\u672c\u5165\u308a5\u7bb1\u3002.<\/p>","protected":false},"featured_media":54447,"template":"","meta":{"_acf_changed":false},"product_brand":[],"product_cat":[19809,19845,19885,45381,19793,16866],"product_tag":[],"class_list":{"0":"post-54446","1":"product","2":"type-product","3":"status-publish","4":"has-post-thumbnail","6":"product_cat-cigares","7":"product_cat-cigares-cubains","8":"product_cat-cohiba","9":"product_cat-cohiba-siglo","10":"product_cat-hard-to-find","11":"product_cat-les-meilleurs-cigares","12":"product_shipping_class-cigares","14":"first","15":"outofstock","16":"taxable","17":"shipping-taxable","18":"purchasable","19":"product-type-simple"},"acf":[],"_links":{"self":[{"href":"https:\/\/cigarquality.com\/ja\/wp-json\/wp\/v2\/product\/54446","targetHints":{"allow":["GET"]}}],"collection":[{"href":"https:\/\/cigarquality.com\/ja\/wp-json\/wp\/v2\/product"}],"about":[{"href":"https:\/\/cigarquality.com\/ja\/wp-json\/wp\/v2\/types\/product"}],"wp:featuredmedia":[{"embeddable":true,"href":"https:\/\/cigarquality.com\/ja\/wp-json\/wp\/v2\/media\/54447"}],"wp:attachment":[{"href":"https:\/\/cigarquality.com\/ja\/wp-json\/wp\/v2\/media?parent=54446"}],"wp:term":[{"taxonomy":"product_brand","embeddable":true,"href":"https:\/\/cigarquality.com\/ja\/wp-json\/wp\/v2\/product_brand?post=54446"},{"taxonomy":"product_cat","embeddable":true,"href":"https:\/\/cigarquality.com\/ja\/wp-json\/wp\/v2\/product_cat?post=54446"},{"taxonomy":"product_tag","embeddable":true,"href":"https:\/\/cigarquality.com\/ja\/wp-json\/wp\/v2\/product_tag?post=54446"}],"curies":[{"name":"wp","href":"https:\/\/api.w.org\/{rel}","templated":true}]}}