{"id":54074,"date":"2021-07-08T15:40:48","date_gmt":"2021-07-08T13:40:48","guid":{"rendered":"https:\/\/cigarquality.com\/?post_type=product&#038;p=54074"},"modified":"2025-11-04T09:39:00","modified_gmt":"2025-11-04T08:39:00","slug":"bolivar-belicosos-finos-reserva-cosecha-2016-20","status":"publish","type":"product","link":"https:\/\/cigarquality.com\/ja\/boutique\/cigares-cubains\/bolivar\/bolivar-belicosos-finos-reserva-cosecha-2016-20\/","title":{"rendered":"\u30dc\u30ea\u30d0\u30fc\u30eb \u30d9\u30ea\u30b3\u30b9 \u30d5\u30a3\u30ce\u30b9 \u30ec\u30bb\u30eb\u30d0 \u30b3\u30bb\u30c1\u30e3 2016 (20)"},"content":{"rendered":"<p>Depuis le XXII\u1d49 Festival del Habano en f\u00e9vrier 2020, le Bolivar <strong>Belicosos Finos Reserva Cosecha 2016<\/strong> \u00e9tait tr\u00e8s attendu !<br \/>\nLes tabac soigneusement s\u00e9lectionn\u00e9s pour ce cigare proviennent de la r\u00e9colte 2016 de la r\u00e9gion \u00ab Vuelta Abajo \u00bb \u00e0 Cuba, <strong>la meilleure r\u00e9gion tabacole<\/strong> au monde. Afin d&rsquo;\u00eatre en mesure de produire un cigare portant l\u2019appellation \u00ab Reserva \u00bb, le tabac doit avoir vieilli au moins trois ans durant avant que le cigare ne puisse \u00eatre confectionn\u00e9.<\/p>\n<p>L&rsquo;\u00e9dition 2016 de ce puros est limit\u00e9e \u00e0 une production de 5\u2019000 boites qui chacune d&rsquo;elles sont marqu\u00e9es d&rsquo;un num\u00e9ro de s\u00e9rie unique et individuel.<\/p>\n<p>Ces magnifiques cigares se caract\u00e9risent par des ar\u00f4mes l\u00e9g\u00e8rement terreux et des notes fruit\u00e9es. En bouche, la fum\u00e9e cr\u00e9meuse et abondante s\u00e9duira les palais les plus exigeants.<\/p>\n<p>Le Bolivar<strong> Belicosos Finos Reserva Cosecha<\/strong> fut annonc\u00e9 lors du XXII\u1d49 Festival del Habano en f\u00e9vrier 2020. Il fallut attendre plus d&rsquo;une ann\u00e9e pour que cette \u00e9dition exceptionnelle f\u00fbt d\u00e9livr\u00e9e.<\/p>","protected":false},"excerpt":{"rendered":"<p>20\u672c\u5165\u308a\u3002.<\/p>","protected":false},"featured_media":54075,"template":"","meta":{"_acf_changed":false},"product_brand":[],"product_cat":[20965,19809,19845,19788],"product_tag":[],"class_list":{"0":"post-54074","1":"product","2":"type-product","3":"status-publish","4":"has-post-thumbnail","6":"product_cat-bolivar","7":"product_cat-cigares","8":"product_cat-cigares-cubains","9":"product_cat-collection-privee","10":"product_shipping_class-cigares","12":"first","13":"outofstock","14":"sold-individually","15":"taxable","16":"shipping-taxable","17":"purchasable","18":"product-type-simple"},"acf":[],"_links":{"self":[{"href":"https:\/\/cigarquality.com\/ja\/wp-json\/wp\/v2\/product\/54074","targetHints":{"allow":["GET"]}}],"collection":[{"href":"https:\/\/cigarquality.com\/ja\/wp-json\/wp\/v2\/product"}],"about":[{"href":"https:\/\/cigarquality.com\/ja\/wp-json\/wp\/v2\/types\/product"}],"wp:featuredmedia":[{"embeddable":true,"href":"https:\/\/cigarquality.com\/ja\/wp-json\/wp\/v2\/media\/54075"}],"wp:attachment":[{"href":"https:\/\/cigarquality.com\/ja\/wp-json\/wp\/v2\/media?parent=54074"}],"wp:term":[{"taxonomy":"product_brand","embeddable":true,"href":"https:\/\/cigarquality.com\/ja\/wp-json\/wp\/v2\/product_brand?post=54074"},{"taxonomy":"product_cat","embeddable":true,"href":"https:\/\/cigarquality.com\/ja\/wp-json\/wp\/v2\/product_cat?post=54074"},{"taxonomy":"product_tag","embeddable":true,"href":"https:\/\/cigarquality.com\/ja\/wp-json\/wp\/v2\/product_tag?post=54074"}],"curies":[{"name":"wp","href":"https:\/\/api.w.org\/{rel}","templated":true}]}}