{"id":53829,"date":"2021-06-22T09:07:22","date_gmt":"2021-06-22T08:07:22","guid":{"rendered":"https:\/\/cigarquality.com\/?post_type=product&#038;p=53829"},"modified":"2025-10-16T09:35:27","modified_gmt":"2025-10-16T07:35:27","slug":"undercrown-shade-gordito-12","status":"publish","type":"product","link":"https:\/\/cigarquality.com\/ja\/boutique\/cigares-nicaraguayens\/drew-estate\/undercrown-shade\/undercrown-shade-gordito-12\/","title":{"rendered":"Undercrown Shade Gordito (12)"},"content":{"rendered":"<p>\u8449\u5dfb <strong>Undercrown Shade Gordito<\/strong> est d&rsquo;une allure plus douce que la c\u00e9l\u00e8bre ligne Undercrown.\u00a0Cette extension de ligne bien re\u00e7ue, comprend une magnifique cape \u00e9quatorienne du Connecticut, brun dor\u00e9, et une rare sous-cape vintage Criollo 98 Sumatra, par-dessus des tripes Criollo, Corojo dominicaines et nicaraguayennes.\u00a0C&rsquo;est la premi\u00e8re version solo du ma\u00eetre mixeur de Drew Estate, Willy Herrera, \u00e0 ne pas confondre avec la marque Herrera Esteli.<\/p>\n<p>Le m\u00e9lange est l\u00e9ger \u00e0 mi-cors\u00e9, luxuriant et ultra-lisse, avec des ar\u00f4mes que seule une cape cultiv\u00e9e \u00e0 l&rsquo;ombre peut offrir.<\/p>","protected":false},"excerpt":{"rendered":"<p>12\u672c\u5165\u308a\u3002.<\/p>","protected":false},"featured_media":9237,"template":"","meta":{"_acf_changed":false},"product_brand":[],"product_cat":[19809,24833,26451,29936],"product_tag":[2298,1849,2300,1953,2299],"class_list":{"0":"post-53829","1":"product","2":"type-product","3":"status-publish","4":"has-post-thumbnail","6":"product_cat-cigares","7":"product_cat-cigares-nicaraguayens","8":"product_cat-drew-estate","9":"product_cat-undercrown-shade","10":"product_tag-creme-douce","11":"product_tag-cuir","12":"product_tag-epices-chaudes","13":"product_tag-miel","14":"product_tag-pain-grille","15":"product_shipping_class-cigares","17":"first","18":"instock","19":"sale","20":"taxable","21":"shipping-taxable","22":"purchasable","23":"product-type-simple"},"acf":[],"_links":{"self":[{"href":"https:\/\/cigarquality.com\/ja\/wp-json\/wp\/v2\/product\/53829","targetHints":{"allow":["GET"]}}],"collection":[{"href":"https:\/\/cigarquality.com\/ja\/wp-json\/wp\/v2\/product"}],"about":[{"href":"https:\/\/cigarquality.com\/ja\/wp-json\/wp\/v2\/types\/product"}],"wp:featuredmedia":[{"embeddable":true,"href":"https:\/\/cigarquality.com\/ja\/wp-json\/wp\/v2\/media\/9237"}],"wp:attachment":[{"href":"https:\/\/cigarquality.com\/ja\/wp-json\/wp\/v2\/media?parent=53829"}],"wp:term":[{"taxonomy":"product_brand","embeddable":true,"href":"https:\/\/cigarquality.com\/ja\/wp-json\/wp\/v2\/product_brand?post=53829"},{"taxonomy":"product_cat","embeddable":true,"href":"https:\/\/cigarquality.com\/ja\/wp-json\/wp\/v2\/product_cat?post=53829"},{"taxonomy":"product_tag","embeddable":true,"href":"https:\/\/cigarquality.com\/ja\/wp-json\/wp\/v2\/product_tag?post=53829"}],"curies":[{"name":"wp","href":"https:\/\/api.w.org\/{rel}","templated":true}]}}