{"id":51965,"date":"2021-03-09T10:00:19","date_gmt":"2021-03-09T09:00:19","guid":{"rendered":"https:\/\/cigarquality.com\/?post_type=product&#038;p=51965"},"modified":"2025-08-06T10:13:12","modified_gmt":"2025-08-06T08:13:12","slug":"montecristo-double-edmundo-travel-retail-humidor","status":"publish","type":"product","link":"https:\/\/cigarquality.com\/ja\/boutique\/cigares-cubains\/montecristo\/montecristo-linea-edmundo\/montecristo-double-edmundo-travel-retail-humidor\/","title":{"rendered":"\u30c8\u30e9\u30d9\u30eb\u30d2\u30e5\u30df\u30c9\u30fc\u30eb \u30e2\u30f3\u30c6\u30af\u30ea\u30b9\u30c8 \u30c0\u30d6\u30eb\u30a8\u30c9\u30e0\u30f3\u30c9 (10)"},"content":{"rendered":"<p><strong>Le Montecristo Double Edmundo Travel Retail Humidor a \u00e9t\u00e9 produit \u00e0 10&rsquo;000 exemplaires<\/strong> et est exclusivement destin\u00e9 aux points de vente Duty Free et Travel Retail. Chaque exemplaire renferme 10 <a href=\"\/ja\/boutique\/cigares-cubains\/montecristo\/montecristo-linea-edmundo\/montecristo-double-edmundo-25\/\">Double Edmundo<\/a>, une vitole existante au catalogue de Montecristo depuis 2013.<\/p>\n<p>Le Montecristo Double Edmundo est\u00a0une vitole de choix\u00a0pour les aficionados, qui appr\u00e9cient les\u00a0formats \u00e9pais\u00a0et les\u00a0ar\u00f4mes classiques du m\u00e9lange de L\u00ednea Edmundo, caract\u00e9ris\u00e9e \u00e0 la fois par\u00a0son \u00e9quilibre\u00a0et\u00a0sa d\u00e9licatesse.<\/p>\n<p>L\u2019humidor de voyage est quant \u00e0 lui r\u00e9alis\u00e9 \u00e0 partir d\u2019une essence de bois pr\u00e9cieux, recouvert d\u2019une laque brillante faisant penser \u00e0 un bateau italien. \u00c1 l\u2019int\u00e9rieur on retrouve 2 hygrom\u00e8tres et un humidificateur, vous permettant ainsi de voyager avec vos pr\u00e9cieuses vitoles tout en assurant leur conservation durant le d\u00e9placement.<\/p>","protected":false},"excerpt":{"rendered":"<p>\u8449\u5dfb10\u672c\u5165\u308a\u30c8\u30e9\u30d9\u30eb\u30d2\u30e5\u30df\u30c9\u30fc\u30eb\u3002.<\/p>","protected":false},"featured_media":51969,"template":"","meta":{"_acf_changed":false},"product_brand":[],"product_cat":[19809,19845,20617,20666],"product_tag":[],"class_list":{"0":"post-51965","1":"product","2":"type-product","3":"status-publish","4":"has-post-thumbnail","6":"product_cat-cigares","7":"product_cat-cigares-cubains","8":"product_cat-montecristo","9":"product_cat-montecristo-linea-edmundo","10":"product_shipping_class-humidor-avec-cigares","12":"first","13":"outofstock","14":"taxable","15":"shipping-taxable","16":"purchasable","17":"product-type-simple"},"acf":[],"_links":{"self":[{"href":"https:\/\/cigarquality.com\/ja\/wp-json\/wp\/v2\/product\/51965","targetHints":{"allow":["GET"]}}],"collection":[{"href":"https:\/\/cigarquality.com\/ja\/wp-json\/wp\/v2\/product"}],"about":[{"href":"https:\/\/cigarquality.com\/ja\/wp-json\/wp\/v2\/types\/product"}],"wp:featuredmedia":[{"embeddable":true,"href":"https:\/\/cigarquality.com\/ja\/wp-json\/wp\/v2\/media\/51969"}],"wp:attachment":[{"href":"https:\/\/cigarquality.com\/ja\/wp-json\/wp\/v2\/media?parent=51965"}],"wp:term":[{"taxonomy":"product_brand","embeddable":true,"href":"https:\/\/cigarquality.com\/ja\/wp-json\/wp\/v2\/product_brand?post=51965"},{"taxonomy":"product_cat","embeddable":true,"href":"https:\/\/cigarquality.com\/ja\/wp-json\/wp\/v2\/product_cat?post=51965"},{"taxonomy":"product_tag","embeddable":true,"href":"https:\/\/cigarquality.com\/ja\/wp-json\/wp\/v2\/product_tag?post=51965"}],"curies":[{"name":"wp","href":"https:\/\/api.w.org\/{rel}","templated":true}]}}