{"id":49803,"date":"2018-03-29T11:27:13","date_gmt":"2018-03-29T09:27:13","guid":{"rendered":"https:\/\/mkulcarx.preview.infomaniak.website\/produit\/trinidad-vigia-a-t-3\/"},"modified":"2026-01-26T07:57:19","modified_gmt":"2026-01-26T06:57:19","slug":"trinidad-vigia-a-t-3","status":"publish","type":"product","link":"https:\/\/cigarquality.com\/ja\/boutique\/cigares-cubains\/trinidad\/trinidad-vigia-a-t-3\/","title":{"rendered":"\u30c8\u30ea\u30cb\u30c0\u30fc\u30c9\u30fb\u30d3\u30b8\u30e3\u30fb\u30c1\u30e5\u30fc\u30dc\u30b9 (3)"},"content":{"rendered":"<p>Avec l&rsquo;arr\u00eat de la production des fameux Robusto T et Robusto Extra, la marque \u00e9tait vou\u00e9e \u00e0 disparaitre mais Habanos en a finalement decid\u00e9 autrement. Trinidad, cette marque embl\u00e9matique, cr\u00e9\u00e9e \u00e0 la fin du 20\u00e8me si\u00e8cle, nous propose aujourd&rsquo;hui le Trinidad Vigia A\/T, un petit cigare au ventre dodu et au caract\u00e8re agr\u00e9able. Bien en place dans une cape claro, la tripe offre \u00e0 cru des notes de chocolat et de noix grill\u00e9es. Le tirage pr\u00e9sente peu de retenue, les volutes sont g\u00e9n\u00e9reuses. Les notes de fruits \u00e0 coques envelopp\u00e9es d&rsquo;une touche cr\u00e9meuse sont parfaitement en ligne avec la palette ar\u00f4matique de la marque.Le bois\u00e9 s&rsquo;installe avec parcimonie. Aucune amertume ne vient perturber la rencontre avec ce Petit Robusto. Une belle r\u00e9ussite pour la r\u00e9surrection de cette marque l\u00e9gendaire.<\/p>","protected":false},"excerpt":{"rendered":"<p>\u30c1\u30e5\u30fc\u30d6\u5165\u308a\u8449\u5dfb3\u672c\u5165\u308a\u3002.<\/p>","protected":false},"featured_media":49806,"template":"","meta":{"_acf_changed":false},"product_brand":[],"product_cat":[19809,19845,21235],"product_tag":[34114,2061,1903,2095,34116],"class_list":{"0":"post-49803","1":"product","2":"type-product","3":"status-publish","4":"has-post-thumbnail","6":"product_cat-cigares","7":"product_cat-cigares-cubains","8":"product_cat-trinidad","9":"product_tag-bois-frais","10":"product_tag-caramel","11":"product_tag-chocolat","12":"product_tag-epices","13":"product_tag-foin-humide","14":"product_shipping_class-cigares","16":"first","17":"outofstock","18":"taxable","19":"shipping-taxable","20":"purchasable","21":"product-type-simple"},"acf":[],"_links":{"self":[{"href":"https:\/\/cigarquality.com\/ja\/wp-json\/wp\/v2\/product\/49803","targetHints":{"allow":["GET"]}}],"collection":[{"href":"https:\/\/cigarquality.com\/ja\/wp-json\/wp\/v2\/product"}],"about":[{"href":"https:\/\/cigarquality.com\/ja\/wp-json\/wp\/v2\/types\/product"}],"wp:featuredmedia":[{"embeddable":true,"href":"https:\/\/cigarquality.com\/ja\/wp-json\/wp\/v2\/media\/49806"}],"wp:attachment":[{"href":"https:\/\/cigarquality.com\/ja\/wp-json\/wp\/v2\/media?parent=49803"}],"wp:term":[{"taxonomy":"product_brand","embeddable":true,"href":"https:\/\/cigarquality.com\/ja\/wp-json\/wp\/v2\/product_brand?post=49803"},{"taxonomy":"product_cat","embeddable":true,"href":"https:\/\/cigarquality.com\/ja\/wp-json\/wp\/v2\/product_cat?post=49803"},{"taxonomy":"product_tag","embeddable":true,"href":"https:\/\/cigarquality.com\/ja\/wp-json\/wp\/v2\/product_tag?post=49803"}],"curies":[{"name":"wp","href":"https:\/\/api.w.org\/{rel}","templated":true}]}}