{"id":49791,"date":"2018-03-29T10:27:13","date_gmt":"2018-03-29T09:27:13","guid":{"rendered":"https:\/\/mkulcarx.preview.infomaniak.website\/produit\/bolivar-royal-coronas-25\/"},"modified":"2026-01-05T09:56:19","modified_gmt":"2026-01-05T08:56:19","slug":"bolivar-royal-coronas-25","status":"publish","type":"product","link":"https:\/\/cigarquality.com\/ja\/boutique\/cigares-cubains\/bolivar\/bolivar-linea-clasica\/bolivar-royal-coronas-25\/","title":{"rendered":"\u30dc\u30ea\u30d0\u30fc\u30eb \u30ed\u30a4\u30e4\u30eb \u30b3\u30ed\u30ca (25)"},"content":{"rendered":"<p><strong>Le Bolivar Royal Coronas est un tr\u00e8s joli Robusto,<\/strong> soign\u00e9, et \u00e0 l&rsquo;esth\u00e9tique parfaite. Les premi\u00e8res bouff\u00e9es attestent d&rsquo;une construction rigoureuse: le tirage est excellent avec des ar\u00f4mes bois\u00e9s et \u00e9pic\u00e9s. Peu d&rsquo;agressivit\u00e9 dans la phase de premi\u00e8re d\u00e9gustation. Par la suite, un peu d&rsquo;humus, des touches de champignon puis de chocolat noir viennent enrichir la fum\u00e9e.<\/p>\n<p>\u8449\u5dfb25\u672c\u5165\u308a\u3002.<\/p>","protected":false},"excerpt":{"rendered":"<p>\u8449\u5dfb25\u672c\u5165\u308a\u3002.<\/p>","protected":false},"featured_media":10130,"template":"","meta":{"_acf_changed":false},"product_brand":[],"product_cat":[20965,45376,19809,19845],"product_tag":[2867,1903,2133,2866],"class_list":{"0":"post-49791","1":"product","2":"type-product","3":"status-publish","4":"has-post-thumbnail","6":"product_cat-bolivar","7":"product_cat-bolivar-linea-clasica","8":"product_cat-cigares","9":"product_cat-cigares-cubains","10":"product_tag-champignon","11":"product_tag-chocolat","12":"product_tag-chocolat-noir","13":"product_tag-humus","14":"product_shipping_class-cigares","16":"first","17":"outofstock","18":"taxable","19":"shipping-taxable","20":"purchasable","21":"product-type-simple"},"acf":[],"_links":{"self":[{"href":"https:\/\/cigarquality.com\/ja\/wp-json\/wp\/v2\/product\/49791","targetHints":{"allow":["GET"]}}],"collection":[{"href":"https:\/\/cigarquality.com\/ja\/wp-json\/wp\/v2\/product"}],"about":[{"href":"https:\/\/cigarquality.com\/ja\/wp-json\/wp\/v2\/types\/product"}],"wp:featuredmedia":[{"embeddable":true,"href":"https:\/\/cigarquality.com\/ja\/wp-json\/wp\/v2\/media\/10130"}],"wp:attachment":[{"href":"https:\/\/cigarquality.com\/ja\/wp-json\/wp\/v2\/media?parent=49791"}],"wp:term":[{"taxonomy":"product_brand","embeddable":true,"href":"https:\/\/cigarquality.com\/ja\/wp-json\/wp\/v2\/product_brand?post=49791"},{"taxonomy":"product_cat","embeddable":true,"href":"https:\/\/cigarquality.com\/ja\/wp-json\/wp\/v2\/product_cat?post=49791"},{"taxonomy":"product_tag","embeddable":true,"href":"https:\/\/cigarquality.com\/ja\/wp-json\/wp\/v2\/product_tag?post=49791"}],"curies":[{"name":"wp","href":"https:\/\/api.w.org\/{rel}","templated":true}]}}