{"id":49765,"date":"2018-03-29T10:27:13","date_gmt":"2018-03-29T09:27:13","guid":{"rendered":"https:\/\/mkulcarx.preview.infomaniak.website\/produit\/bolivar-libertador-10\/"},"modified":"2026-01-05T09:57:57","modified_gmt":"2026-01-05T08:57:57","slug":"bolivar-libertador-lcdh-10","status":"publish","type":"product","link":"https:\/\/cigarquality.com\/ja\/boutique\/cigares-cubains\/bolivar\/bolivar-linea-clasica\/bolivar-libertador-lcdh-10\/","title":{"rendered":"\u30dc\u30ea\u30d0\u30eb\u30fb\u30ea\u30d9\u30eb\u30bf\u30c9\u30fc\u30ebLCDH (10)"},"content":{"rendered":"<p>Le Bolivar Libertador est une production 2013 exclusive pour les points de vente Casa del Habano. Ce module avait \u00e9t\u00e9 pr\u00e9alablement produit en 2006 pour le march\u00e9 fran\u00e7ais comme Edition r\u00e9gionale. <strong>La demande a \u00e9t\u00e9 si grande et la qualit\u00e9 du cigare si remarqu\u00e9e que Habanos a d\u00e9cid\u00e9 de relancer la production. <\/strong><\/p>\n<p>Ce cigare au format important avec un diam\u00e8tre de 21.4 mm, est puissant et aromatique, une tr\u00e8s belle cr\u00e9ation.<\/p>","protected":false},"excerpt":{"rendered":"<p>\u8449\u5dfb10\u672c\u5165\u308a\u3002.<\/p>","protected":false},"featured_media":14044,"template":"","meta":{"_acf_changed":false},"product_brand":[],"product_cat":[20965,45376,19809,19845],"product_tag":[942,1878,2555],"class_list":{"0":"post-49765","1":"product","2":"type-product","3":"status-publish","4":"has-post-thumbnail","6":"product_cat-bolivar","7":"product_cat-bolivar-linea-clasica","8":"product_cat-cigares","9":"product_cat-cigares-cubains","10":"product_tag-cafe","11":"product_tag-noix","12":"product_tag-poivre-blanc","13":"product_shipping_class-cigares","15":"first","16":"outofstock","17":"sold-individually","18":"taxable","19":"shipping-taxable","20":"purchasable","21":"product-type-simple"},"acf":[],"_links":{"self":[{"href":"https:\/\/cigarquality.com\/ja\/wp-json\/wp\/v2\/product\/49765","targetHints":{"allow":["GET"]}}],"collection":[{"href":"https:\/\/cigarquality.com\/ja\/wp-json\/wp\/v2\/product"}],"about":[{"href":"https:\/\/cigarquality.com\/ja\/wp-json\/wp\/v2\/types\/product"}],"wp:featuredmedia":[{"embeddable":true,"href":"https:\/\/cigarquality.com\/ja\/wp-json\/wp\/v2\/media\/14044"}],"wp:attachment":[{"href":"https:\/\/cigarquality.com\/ja\/wp-json\/wp\/v2\/media?parent=49765"}],"wp:term":[{"taxonomy":"product_brand","embeddable":true,"href":"https:\/\/cigarquality.com\/ja\/wp-json\/wp\/v2\/product_brand?post=49765"},{"taxonomy":"product_cat","embeddable":true,"href":"https:\/\/cigarquality.com\/ja\/wp-json\/wp\/v2\/product_cat?post=49765"},{"taxonomy":"product_tag","embeddable":true,"href":"https:\/\/cigarquality.com\/ja\/wp-json\/wp\/v2\/product_tag?post=49765"}],"curies":[{"name":"wp","href":"https:\/\/api.w.org\/{rel}","templated":true}]}}