{"id":49746,"date":"2018-03-29T10:27:37","date_gmt":"2018-03-29T09:27:37","guid":{"rendered":"https:\/\/mkulcarx.preview.infomaniak.website\/produit\/quai-dorsay-coronas-claro-sbn-25-2\/"},"modified":"2026-01-06T13:57:33","modified_gmt":"2026-01-06T12:57:33","slug":"quai-dorsay-coronas-claro-sbn-25","status":"publish","type":"product","link":"https:\/\/cigarquality.com\/ja\/boutique\/cigares-cubains\/quai-dorsay\/quai-dorsay-coronas-claro-sbn-25\/","title":{"rendered":"\u30b1\u30fb\u30c9\u30eb\u30bb\u30fc \u30b3\u30ed\u30ca\u30fb\u30af\u30e9\u30ed SBN (25)"},"content":{"rendered":"<p><strong>Le Quai D&rsquo;Orsay Coronas Claro est fortement recommand\u00e9 comme l&rsquo;un des meilleurs cigares cubains pour les d\u00e9butants en raison de son profil l\u00e9g\u00e8rement aromatis\u00e9.<\/strong><\/p>\n<p>Le Coronas vitola mesure \u00e0 142 mm avec une bague de 42. Initialement publi\u00e9 en 1974, il fait partie de la production r\u00e9guli\u00e8re de la marque. La cape de couleur Claro est une couleur bronz\u00e9e magnifique qui compl\u00e8te les saveurs plus douces.<\/p>","protected":false},"excerpt":{"rendered":"<p>\u8449\u5dfb25\u672c\u5165\u308a\u3002.<\/p>","protected":false},"featured_media":18008,"template":"","meta":{"_acf_changed":false},"product_brand":[],"product_cat":[19809,19845,21578],"product_tag":[],"class_list":{"0":"post-49746","1":"product","2":"type-product","3":"status-publish","4":"has-post-thumbnail","6":"product_cat-cigares","7":"product_cat-cigares-cubains","8":"product_cat-quai-dorsay","9":"product_shipping_class-cigares","11":"first","12":"outofstock","13":"taxable","14":"shipping-taxable","15":"purchasable","16":"product-type-simple"},"acf":[],"_links":{"self":[{"href":"https:\/\/cigarquality.com\/ja\/wp-json\/wp\/v2\/product\/49746","targetHints":{"allow":["GET"]}}],"collection":[{"href":"https:\/\/cigarquality.com\/ja\/wp-json\/wp\/v2\/product"}],"about":[{"href":"https:\/\/cigarquality.com\/ja\/wp-json\/wp\/v2\/types\/product"}],"wp:featuredmedia":[{"embeddable":true,"href":"https:\/\/cigarquality.com\/ja\/wp-json\/wp\/v2\/media\/18008"}],"wp:attachment":[{"href":"https:\/\/cigarquality.com\/ja\/wp-json\/wp\/v2\/media?parent=49746"}],"wp:term":[{"taxonomy":"product_brand","embeddable":true,"href":"https:\/\/cigarquality.com\/ja\/wp-json\/wp\/v2\/product_brand?post=49746"},{"taxonomy":"product_cat","embeddable":true,"href":"https:\/\/cigarquality.com\/ja\/wp-json\/wp\/v2\/product_cat?post=49746"},{"taxonomy":"product_tag","embeddable":true,"href":"https:\/\/cigarquality.com\/ja\/wp-json\/wp\/v2\/product_tag?post=49746"}],"curies":[{"name":"wp","href":"https:\/\/api.w.org\/{rel}","templated":true}]}}