{"id":49722,"date":"2018-03-29T10:27:52","date_gmt":"2018-03-29T09:27:52","guid":{"rendered":"https:\/\/mkulcarx.preview.infomaniak.website\/produit\/p-larranaga-montecarlos-25-2\/"},"modified":"2026-01-06T13:56:14","modified_gmt":"2026-01-06T12:56:14","slug":"por-larranaga-montecarlos-25","status":"publish","type":"product","link":"https:\/\/cigarquality.com\/ja\/boutique\/cigares-cubains\/por-larranaga\/por-larranaga-montecarlos-25\/","title":{"rendered":"\u30dd\u30eb\u30fb\u30e9\u30e9\u30cb\u30e3\u30ac\u30fb\u30e2\u30f3\u30c6\u30ab\u30eb\u30ed\u30b9\uff0825\uff09"},"content":{"rendered":"<p>Le Por Larra\u00f1aga Montecarlos est un cigare de belle facture pr\u00e9sentant une belle cape bien grasse. Le Por Larra\u00f1aga Montecarlos dispense lors de sa d\u00e9gustation des notes de terre et de champignon. Au cours des bouff\u00e9es, la charpente se fait plus profonde, sans sombrer dans une nervosit\u00e9 incontr\u00f4l\u00e9e. Un cigare d&rsquo;une grande rigueur tant dans la construction que dans ses ar\u00f4mes.<\/p>","protected":false},"excerpt":{"rendered":"<p>\u8449\u5dfb25\u672c\u5165\u308a\u3002.<\/p>","protected":false},"featured_media":6492,"template":"","meta":{"_acf_changed":false},"product_brand":[],"product_cat":[19809,19845,21519],"product_tag":[],"class_list":{"0":"post-49722","1":"product","2":"type-product","3":"status-publish","4":"has-post-thumbnail","6":"product_cat-cigares","7":"product_cat-cigares-cubains","8":"product_cat-por-larranaga","9":"product_shipping_class-cigares","11":"first","12":"outofstock","13":"taxable","14":"shipping-taxable","15":"purchasable","16":"product-type-simple"},"acf":[],"_links":{"self":[{"href":"https:\/\/cigarquality.com\/ja\/wp-json\/wp\/v2\/product\/49722","targetHints":{"allow":["GET"]}}],"collection":[{"href":"https:\/\/cigarquality.com\/ja\/wp-json\/wp\/v2\/product"}],"about":[{"href":"https:\/\/cigarquality.com\/ja\/wp-json\/wp\/v2\/types\/product"}],"wp:featuredmedia":[{"embeddable":true,"href":"https:\/\/cigarquality.com\/ja\/wp-json\/wp\/v2\/media\/6492"}],"wp:attachment":[{"href":"https:\/\/cigarquality.com\/ja\/wp-json\/wp\/v2\/media?parent=49722"}],"wp:term":[{"taxonomy":"product_brand","embeddable":true,"href":"https:\/\/cigarquality.com\/ja\/wp-json\/wp\/v2\/product_brand?post=49722"},{"taxonomy":"product_cat","embeddable":true,"href":"https:\/\/cigarquality.com\/ja\/wp-json\/wp\/v2\/product_cat?post=49722"},{"taxonomy":"product_tag","embeddable":true,"href":"https:\/\/cigarquality.com\/ja\/wp-json\/wp\/v2\/product_tag?post=49722"}],"curies":[{"name":"wp","href":"https:\/\/api.w.org\/{rel}","templated":true}]}}