{"id":49644,"date":"2018-03-29T10:27:59","date_gmt":"2018-03-29T09:27:59","guid":{"rendered":"https:\/\/mkulcarx.preview.infomaniak.website\/produit\/partagas-serie-d-no-4-a-t-3\/"},"modified":"2026-04-09T10:37:23","modified_gmt":"2026-04-09T08:37:23","slug":"partagas-serie-d-no-4-tubos-3","status":"publish","type":"product","link":"https:\/\/cigarquality.com\/ja\/boutique\/cigares-cubains\/partagas\/partagas-serie-d-no-4-tubos-3\/","title":{"rendered":"\u30d1\u30eb\u30bf\u30ac\u30b9 \u30bb\u30ea\u30a8D No."},"content":{"rendered":"<p>Dot\u00e9 d&rsquo;un excellent tirage, le tr\u00e8s r\u00e9put\u00e9 Partagas D No. 4 laisse exprimer sur la langue un piquant tr\u00e8s notable. Des ar\u00f4mes de menthol, d&rsquo;herbe fra\u00eeche, de terre et d&rsquo;\u00e9pices se diffusent dans le palais. <strong>Le tirage est agr\u00e9able et facile pour ce module d&rsquo;exception.<\/strong><\/p>","protected":false},"excerpt":{"rendered":"<p>\u30c1\u30e5\u30fc\u30d6\u5165\u308a\u8449\u5dfb3\u672c\u5165\u308a\u3002.<\/p>","protected":false},"featured_media":6510,"template":"","meta":{"_acf_changed":false},"product_brand":[],"product_cat":[19809,19845,20349],"product_tag":[],"class_list":{"0":"post-49644","1":"product","2":"type-product","3":"status-publish","4":"has-post-thumbnail","6":"product_cat-cigares","7":"product_cat-cigares-cubains","8":"product_cat-partagas","9":"product_shipping_class-cigares","11":"first","12":"instock","13":"taxable","14":"shipping-taxable","15":"purchasable","16":"product-type-simple"},"acf":[],"_links":{"self":[{"href":"https:\/\/cigarquality.com\/ja\/wp-json\/wp\/v2\/product\/49644","targetHints":{"allow":["GET"]}}],"collection":[{"href":"https:\/\/cigarquality.com\/ja\/wp-json\/wp\/v2\/product"}],"about":[{"href":"https:\/\/cigarquality.com\/ja\/wp-json\/wp\/v2\/types\/product"}],"wp:featuredmedia":[{"embeddable":true,"href":"https:\/\/cigarquality.com\/ja\/wp-json\/wp\/v2\/media\/6510"}],"wp:attachment":[{"href":"https:\/\/cigarquality.com\/ja\/wp-json\/wp\/v2\/media?parent=49644"}],"wp:term":[{"taxonomy":"product_brand","embeddable":true,"href":"https:\/\/cigarquality.com\/ja\/wp-json\/wp\/v2\/product_brand?post=49644"},{"taxonomy":"product_cat","embeddable":true,"href":"https:\/\/cigarquality.com\/ja\/wp-json\/wp\/v2\/product_cat?post=49644"},{"taxonomy":"product_tag","embeddable":true,"href":"https:\/\/cigarquality.com\/ja\/wp-json\/wp\/v2\/product_tag?post=49644"}],"curies":[{"name":"wp","href":"https:\/\/api.w.org\/{rel}","templated":true}]}}