{"id":49630,"date":"2018-03-29T10:28:07","date_gmt":"2018-03-29T09:28:07","guid":{"rendered":"https:\/\/mkulcarx.preview.infomaniak.website\/produit\/partagas-serie-d-no-6-sbn-20-2\/"},"modified":"2026-04-15T17:42:01","modified_gmt":"2026-04-15T15:42:01","slug":"partagas-serie-d-no-6-sbn-20","status":"publish","type":"product","link":"https:\/\/cigarquality.com\/ja\/boutique\/cigares-cubains\/partagas\/partagas-serie-d-no-6-sbn-20\/","title":{"rendered":"\u30d1\u30eb\u30bf\u30ac\u30b9 \u30bb\u30ea\u30a8D No.6 SBN (20)"},"content":{"rendered":"<p>\u30d1\u30eb\u30bf\u30ac\u30b9\u306fD\u30b7\u30ea\u30fc\u30ba\u3092\u62e1\u5927\u3057\u7d9a\u3051\u3066\u3044\u308b\u3002\u30bb\u30ea\u30a8D No.5\u306e\u5f8c\u3001, <strong>\u3053\u308c\u306f\u30d1\u30eb\u30bf\u30ac\u30b9\u30fb\u30bb\u30ea\u30a8D No.6\u3002.<\/strong> \u3082\u3063\u3068\u77ed\u304f\u3001, <strong>\u6642\u9593\u304c\u306a\u3044\u55ab\u7159\u8005\u3092\u5bfe\u8c61\u306b\u3057\u3066\u3044\u308b\u3002.<\/strong> Cette vitole se caract\u00e9rise par sa concentration d&rsquo;ar\u00f4mes dans un format relativement court. Le tirage ais\u00e9 procure une fum\u00e9e abondante et l\u00e9g\u00e8rement poivr\u00e9e, ce qui n&rsquo;est pas sans rappeler le Partagas s\u00e9rie P No. 1.<strong> \u5fc3\u5730\u3088\u304f\u4e38\u307f\u304c\u3042\u308a\u3001\u8907\u96d1\u3067\u6bd4\u8f03\u7684\u529b\u5f37\u3044\u7159\u3092\u51fa\u3059\u3002.<\/strong><\/p>","protected":false},"excerpt":{"rendered":"<p>20\u672c\u5165\u308a\u3002.<\/p>","protected":false},"featured_media":17965,"template":"","meta":{"_acf_changed":false},"product_brand":[],"product_cat":[19809,19845,20349],"product_tag":[],"class_list":{"0":"post-49630","1":"product","2":"type-product","3":"status-publish","4":"has-post-thumbnail","6":"product_cat-cigares","7":"product_cat-cigares-cubains","8":"product_cat-partagas","9":"product_shipping_class-cigares","11":"first","12":"instock","13":"sale","14":"taxable","15":"shipping-taxable","16":"purchasable","17":"product-type-simple"},"acf":[],"_links":{"self":[{"href":"https:\/\/cigarquality.com\/ja\/wp-json\/wp\/v2\/product\/49630","targetHints":{"allow":["GET"]}}],"collection":[{"href":"https:\/\/cigarquality.com\/ja\/wp-json\/wp\/v2\/product"}],"about":[{"href":"https:\/\/cigarquality.com\/ja\/wp-json\/wp\/v2\/types\/product"}],"wp:featuredmedia":[{"embeddable":true,"href":"https:\/\/cigarquality.com\/ja\/wp-json\/wp\/v2\/media\/17965"}],"wp:attachment":[{"href":"https:\/\/cigarquality.com\/ja\/wp-json\/wp\/v2\/media?parent=49630"}],"wp:term":[{"taxonomy":"product_brand","embeddable":true,"href":"https:\/\/cigarquality.com\/ja\/wp-json\/wp\/v2\/product_brand?post=49630"},{"taxonomy":"product_cat","embeddable":true,"href":"https:\/\/cigarquality.com\/ja\/wp-json\/wp\/v2\/product_cat?post=49630"},{"taxonomy":"product_tag","embeddable":true,"href":"https:\/\/cigarquality.com\/ja\/wp-json\/wp\/v2\/product_tag?post=49630"}],"curies":[{"name":"wp","href":"https:\/\/api.w.org\/{rel}","templated":true}]}}