{"id":49608,"date":"2018-03-29T10:28:07","date_gmt":"2018-03-29T09:28:07","guid":{"rendered":"https:\/\/mkulcarx.preview.infomaniak.website\/produit\/quintero-panetelas-25-2\/"},"modified":"2026-03-19T07:04:00","modified_gmt":"2026-03-19T06:04:00","slug":"quintero-panetelas-25","status":"publish","type":"product","link":"https:\/\/cigarquality.com\/ja\/boutique\/cigares-cubains\/quintero\/quintero-panetelas-25\/","title":{"rendered":"\u30ad\u30f3\u30c6\u30fc\u30ed\u30fb\u30d1\u30cd\u30c6\u30e9\u30b9 (25)"},"content":{"rendered":"<p>Bien roul\u00e9, assez dense et compact, le Quintero Panetelas propose d&#8217;embl\u00e9e des touches v\u00e9g\u00e9tales et bois\u00e9es. La fum\u00e9e est douce et port\u00e9e par une puissance correcte. Jusqu&rsquo;\u00e0 son terme, la d\u00e9gustation a ainsi tendance \u00e0 ronronner. Le petit panatelas est une pi\u00e8ce <strong>facile \u00e0 fumer, r\u00e9guli\u00e8re.<\/strong><\/p>","protected":false},"excerpt":{"rendered":"<p>\u8449\u5dfb25\u672c\u5165\u308a\u3002.<\/p>","protected":false},"featured_media":18276,"template":"","meta":{"_acf_changed":false},"product_brand":[],"product_cat":[19809,19845,21582],"product_tag":[],"class_list":{"0":"post-49608","1":"product","2":"type-product","3":"status-publish","4":"has-post-thumbnail","6":"product_cat-cigares","7":"product_cat-cigares-cubains","8":"product_cat-quintero","9":"product_shipping_class-cigares","11":"first","12":"outofstock","13":"taxable","14":"shipping-taxable","15":"purchasable","16":"product-type-simple"},"acf":[],"_links":{"self":[{"href":"https:\/\/cigarquality.com\/ja\/wp-json\/wp\/v2\/product\/49608","targetHints":{"allow":["GET"]}}],"collection":[{"href":"https:\/\/cigarquality.com\/ja\/wp-json\/wp\/v2\/product"}],"about":[{"href":"https:\/\/cigarquality.com\/ja\/wp-json\/wp\/v2\/types\/product"}],"wp:featuredmedia":[{"embeddable":true,"href":"https:\/\/cigarquality.com\/ja\/wp-json\/wp\/v2\/media\/18276"}],"wp:attachment":[{"href":"https:\/\/cigarquality.com\/ja\/wp-json\/wp\/v2\/media?parent=49608"}],"wp:term":[{"taxonomy":"product_brand","embeddable":true,"href":"https:\/\/cigarquality.com\/ja\/wp-json\/wp\/v2\/product_brand?post=49608"},{"taxonomy":"product_cat","embeddable":true,"href":"https:\/\/cigarquality.com\/ja\/wp-json\/wp\/v2\/product_cat?post=49608"},{"taxonomy":"product_tag","embeddable":true,"href":"https:\/\/cigarquality.com\/ja\/wp-json\/wp\/v2\/product_tag?post=49608"}],"curies":[{"name":"wp","href":"https:\/\/api.w.org\/{rel}","templated":true}]}}