{"id":49524,"date":"2018-03-29T10:28:15","date_gmt":"2018-03-29T09:28:15","guid":{"rendered":"https:\/\/mkulcarx.preview.infomaniak.website\/produit\/fonseca-cosacos-25-2\/"},"modified":"2026-01-05T12:14:18","modified_gmt":"2026-01-05T11:14:18","slug":"fonseca-cosacos-25","status":"publish","type":"product","link":"https:\/\/cigarquality.com\/ja\/boutique\/cigares-cubains\/fonseca\/fonseca-cosacos-25\/","title":{"rendered":"\u30d5\u30a9\u30f3\u30bb\u30ab\u30fb\u30b3\u30b5\u30b3\u30b9 (25)"},"content":{"rendered":"<p>Le Fonseca Cosacos est un joli Corona bien roul\u00e9 et de bonne pr\u00e9sentation dans son papier japonais. L&rsquo;on remarque rapidement \u00e0 l&rsquo;allumage, les notes de cuir et de cacao. La combustion est bonne sans \u00eatre exceptionnelle. La d\u00e9gustation se prolonge dans un certain plaisir, le palais s&rsquo;\u00e9merveille de quelques notes de caf\u00e9 et d&rsquo;humus. Une vitole int\u00e9ressante proposant un bon rapport qualit\u00e9 prix.<\/p>","protected":false},"excerpt":{"rendered":"<p>\u8449\u5dfb25\u672c\u5165\u308a\u3002.<\/p>","protected":false},"featured_media":17729,"template":"","meta":{"_acf_changed":false},"product_brand":[],"product_cat":[19809,19845,21296],"product_tag":[11745],"class_list":{"0":"post-49524","1":"product","2":"type-product","3":"status-publish","4":"has-post-thumbnail","6":"product_cat-cigares","7":"product_cat-cigares-cubains","8":"product_cat-fonseca","9":"product_tag-cuir-cacao","10":"product_shipping_class-cigares","12":"first","13":"outofstock","14":"taxable","15":"shipping-taxable","16":"purchasable","17":"product-type-simple"},"acf":[],"_links":{"self":[{"href":"https:\/\/cigarquality.com\/ja\/wp-json\/wp\/v2\/product\/49524","targetHints":{"allow":["GET"]}}],"collection":[{"href":"https:\/\/cigarquality.com\/ja\/wp-json\/wp\/v2\/product"}],"about":[{"href":"https:\/\/cigarquality.com\/ja\/wp-json\/wp\/v2\/types\/product"}],"wp:featuredmedia":[{"embeddable":true,"href":"https:\/\/cigarquality.com\/ja\/wp-json\/wp\/v2\/media\/17729"}],"wp:attachment":[{"href":"https:\/\/cigarquality.com\/ja\/wp-json\/wp\/v2\/media?parent=49524"}],"wp:term":[{"taxonomy":"product_brand","embeddable":true,"href":"https:\/\/cigarquality.com\/ja\/wp-json\/wp\/v2\/product_brand?post=49524"},{"taxonomy":"product_cat","embeddable":true,"href":"https:\/\/cigarquality.com\/ja\/wp-json\/wp\/v2\/product_cat?post=49524"},{"taxonomy":"product_tag","embeddable":true,"href":"https:\/\/cigarquality.com\/ja\/wp-json\/wp\/v2\/product_tag?post=49524"}],"curies":[{"name":"wp","href":"https:\/\/api.w.org\/{rel}","templated":true}]}}