{"id":49484,"date":"2018-03-29T10:28:38","date_gmt":"2018-03-29T09:28:38","guid":{"rendered":"https:\/\/mkulcarx.preview.infomaniak.website\/produit\/vegas-robaina-famosos-25-2\/"},"modified":"2026-02-27T16:23:17","modified_gmt":"2026-02-27T15:23:17","slug":"vegas-robaina-famosos-25","status":"publish","type":"product","link":"https:\/\/cigarquality.com\/ja\/boutique\/cigares-cubains\/vegas-robaina\/vegas-robaina-famosos-25\/","title":{"rendered":"Vegas Robaina Famosos (25)"},"content":{"rendered":"<p>Le Vegas Robaina Famosos est une belle pi\u00e8ce, dot\u00e9e d&rsquo;une cape parfaite, uniforme et grasse. \u00c0 l&rsquo;allumage, la vitole offre une fum\u00e9e riche et onctueuse soutenue par des notes bois\u00e9es et herbac\u00e9es. Au deuxi\u00e8me tiers, le tempo s&rsquo;acc\u00e9l\u00e8re avec une \u00e9volution vers des notes cr\u00e9meuses brioch\u00e9es. Puissance et ar\u00f4mes s&rsquo;accordent dans un \u00e9quilibre. Son final confirme le potentiel de ce Vegas Robaina et ce dernier saura vous convaincre.<\/p>","protected":false},"excerpt":{"rendered":"<p>\u8449\u5dfb25\u672c\u5165\u308a\u3002.<\/p>","protected":false},"featured_media":6607,"template":"","meta":{"_acf_changed":false},"product_brand":[],"product_cat":[19809,19845,16866,33455],"product_tag":[],"class_list":{"0":"post-49484","1":"product","2":"type-product","3":"status-publish","4":"has-post-thumbnail","6":"product_cat-cigares","7":"product_cat-cigares-cubains","8":"product_cat-les-meilleurs-cigares","9":"product_cat-vegas-robaina","10":"product_shipping_class-cigares","12":"first","13":"outofstock","14":"taxable","15":"shipping-taxable","16":"purchasable","17":"product-type-simple"},"acf":[],"_links":{"self":[{"href":"https:\/\/cigarquality.com\/ja\/wp-json\/wp\/v2\/product\/49484","targetHints":{"allow":["GET"]}}],"collection":[{"href":"https:\/\/cigarquality.com\/ja\/wp-json\/wp\/v2\/product"}],"about":[{"href":"https:\/\/cigarquality.com\/ja\/wp-json\/wp\/v2\/types\/product"}],"wp:featuredmedia":[{"embeddable":true,"href":"https:\/\/cigarquality.com\/ja\/wp-json\/wp\/v2\/media\/6607"}],"wp:attachment":[{"href":"https:\/\/cigarquality.com\/ja\/wp-json\/wp\/v2\/media?parent=49484"}],"wp:term":[{"taxonomy":"product_brand","embeddable":true,"href":"https:\/\/cigarquality.com\/ja\/wp-json\/wp\/v2\/product_brand?post=49484"},{"taxonomy":"product_cat","embeddable":true,"href":"https:\/\/cigarquality.com\/ja\/wp-json\/wp\/v2\/product_cat?post=49484"},{"taxonomy":"product_tag","embeddable":true,"href":"https:\/\/cigarquality.com\/ja\/wp-json\/wp\/v2\/product_tag?post=49484"}],"curies":[{"name":"wp","href":"https:\/\/api.w.org\/{rel}","templated":true}]}}