{"id":49458,"date":"2018-03-29T10:28:38","date_gmt":"2018-03-29T09:28:38","guid":{"rendered":"https:\/\/mkulcarx.preview.infomaniak.website\/produit\/cuaba-divinos-25-2\/"},"modified":"2026-04-13T12:00:24","modified_gmt":"2026-04-13T10:00:24","slug":"cuaba-divinos-25","status":"publish","type":"product","link":"https:\/\/cigarquality.com\/ja\/boutique\/cigares-cubains\/cuaba\/cuaba-divinos-25\/","title":{"rendered":"\u30af\u30a2\u30d0\u30fb\u30c7\u30a3\u30f4\u30a3\u30ce\u30b9 (25)"},"content":{"rendered":"<p>Le Cuaba Divino est le petit bouquet de chez Cuaba et d\u00e9livre \u00e0 cru des ar\u00f4mes complexes. D\u00e8s l&#8217;embrassement, un registre bois\u00e9-\u00e9pic\u00e9 est pr\u00e9sent. Une vitole facile et \u00e9quilibr\u00e9e, elle n\u00e9cessiterait un peu plus de corps pour \u00eatre dans la ligne des grandes cr\u00e9ations de Cuaba. <strong>Un bon cigare \u00e0 un prix raisonnable.<\/strong><\/p>","protected":false},"excerpt":{"rendered":"<p>\u8449\u5dfb25\u672c\u5165\u308a\u3002.<\/p>","protected":false},"featured_media":49463,"template":"","meta":{"_acf_changed":false},"product_brand":[],"product_cat":[19809,19845,21227],"product_tag":[],"class_list":{"0":"post-49458","1":"product","2":"type-product","3":"status-publish","4":"has-post-thumbnail","6":"product_cat-cigares","7":"product_cat-cigares-cubains","8":"product_cat-cuaba","9":"product_shipping_class-cigares","11":"first","12":"instock","13":"taxable","14":"shipping-taxable","15":"purchasable","16":"product-type-simple"},"acf":[],"_links":{"self":[{"href":"https:\/\/cigarquality.com\/ja\/wp-json\/wp\/v2\/product\/49458","targetHints":{"allow":["GET"]}}],"collection":[{"href":"https:\/\/cigarquality.com\/ja\/wp-json\/wp\/v2\/product"}],"about":[{"href":"https:\/\/cigarquality.com\/ja\/wp-json\/wp\/v2\/types\/product"}],"wp:featuredmedia":[{"embeddable":true,"href":"https:\/\/cigarquality.com\/ja\/wp-json\/wp\/v2\/media\/49463"}],"wp:attachment":[{"href":"https:\/\/cigarquality.com\/ja\/wp-json\/wp\/v2\/media?parent=49458"}],"wp:term":[{"taxonomy":"product_brand","embeddable":true,"href":"https:\/\/cigarquality.com\/ja\/wp-json\/wp\/v2\/product_brand?post=49458"},{"taxonomy":"product_cat","embeddable":true,"href":"https:\/\/cigarquality.com\/ja\/wp-json\/wp\/v2\/product_cat?post=49458"},{"taxonomy":"product_tag","embeddable":true,"href":"https:\/\/cigarquality.com\/ja\/wp-json\/wp\/v2\/product_tag?post=49458"}],"curies":[{"name":"wp","href":"https:\/\/api.w.org\/{rel}","templated":true}]}}