{"id":49446,"date":"2018-03-29T10:28:38","date_gmt":"2018-03-29T09:28:38","guid":{"rendered":"https:\/\/mkulcarx.preview.infomaniak.website\/produit\/saint-luis-rey-regios-25-2\/"},"modified":"2026-01-05T16:50:08","modified_gmt":"2026-01-05T15:50:08","slug":"saint-luis-rey-regios-25","status":"publish","type":"product","link":"https:\/\/cigarquality.com\/ja\/boutique\/cigares-cubains\/saint-luis-rey\/saint-luis-rey-regios-25\/","title":{"rendered":"\u30b5\u30f3\u30fb\u30eb\u30a4\u30b9\u30fb\u30ec\u30a4\u30fb\u30ec\u30ae\u30aa\u30b9 (25)"},"content":{"rendered":"<p>Le Saint Luis Rey Regios est un cigare bien s\u00e9duisant avec une cape de couleur chocolat, bien lisse. Ce cigare d\u00e9gage une fum\u00e9e ample, confortable o\u00f9 l&rsquo;on d\u00e9couvre avec plaisir un tabac cossu, sans exc\u00e8s de puissance. <strong>Le Regios demeure une pi\u00e8ce de choix tr\u00e8s agr\u00e9able.<\/strong><\/p>","protected":false},"excerpt":{"rendered":"<p>\u8449\u5dfb25\u672c\u5165\u308a\u3002.<\/p>","protected":false},"featured_media":11339,"template":"","meta":{"_acf_changed":false},"product_brand":[],"product_cat":[19809,19845,33392],"product_tag":[],"class_list":{"0":"post-49446","1":"product","2":"type-product","3":"status-publish","4":"has-post-thumbnail","6":"product_cat-cigares","7":"product_cat-cigares-cubains","8":"product_cat-saint-luis-rey","9":"product_shipping_class-cigares","11":"first","12":"outofstock","13":"taxable","14":"shipping-taxable","15":"purchasable","16":"product-type-simple"},"acf":[],"_links":{"self":[{"href":"https:\/\/cigarquality.com\/ja\/wp-json\/wp\/v2\/product\/49446","targetHints":{"allow":["GET"]}}],"collection":[{"href":"https:\/\/cigarquality.com\/ja\/wp-json\/wp\/v2\/product"}],"about":[{"href":"https:\/\/cigarquality.com\/ja\/wp-json\/wp\/v2\/types\/product"}],"wp:featuredmedia":[{"embeddable":true,"href":"https:\/\/cigarquality.com\/ja\/wp-json\/wp\/v2\/media\/11339"}],"wp:attachment":[{"href":"https:\/\/cigarquality.com\/ja\/wp-json\/wp\/v2\/media?parent=49446"}],"wp:term":[{"taxonomy":"product_brand","embeddable":true,"href":"https:\/\/cigarquality.com\/ja\/wp-json\/wp\/v2\/product_brand?post=49446"},{"taxonomy":"product_cat","embeddable":true,"href":"https:\/\/cigarquality.com\/ja\/wp-json\/wp\/v2\/product_cat?post=49446"},{"taxonomy":"product_tag","embeddable":true,"href":"https:\/\/cigarquality.com\/ja\/wp-json\/wp\/v2\/product_tag?post=49446"}],"curies":[{"name":"wp","href":"https:\/\/api.w.org\/{rel}","templated":true}]}}