{"id":49318,"date":"2018-03-29T11:29:00","date_gmt":"2018-03-29T09:29:00","guid":{"rendered":"https:\/\/mkulcarx.preview.infomaniak.website\/produit\/reserva-superior-presidente-toro-2\/"},"modified":"2026-03-11T14:35:58","modified_gmt":"2026-03-11T13:35:58","slug":"arturo-fuente-don-carlos-reserva-superior-presidente-toro","status":"publish","type":"product","link":"https:\/\/cigarquality.com\/ja\/boutique\/cigares-dominicains\/arturo-fuente\/arturo-fuente-don-carlos\/arturo-fuente-don-carlos-reserva-superior-presidente-toro\/","title":{"rendered":"Arturo Fuente Don Carlos Presidente Toro (25)"},"content":{"rendered":"<p>Le Arturo Fuente Don Carlos Reserva Superior Presidente Toro, ce grand cigare comm\u00e9moratif de grande qualit\u00e9, qui rend hommage \u00e0 Carlos Fuente Sr., saura vous s\u00e9duire par ses saveurs \u00e9pic\u00e9es et sucr\u00e9es.\u00a0Ce Toro haut de gamme br\u00fblera dans votre poche en attendant d&rsquo;\u00eatre fum\u00e9.\u00a0Emball\u00e9 dans un coffret de c\u00e8dre de 25 cigares.<\/p>","protected":false},"excerpt":{"rendered":"<p>\u8449\u5dfb25\u672c\u5165\u308a\u3002.<\/p>","protected":false},"featured_media":49322,"template":"","meta":{"_acf_changed":false},"product_brand":[],"product_cat":[16857,25187,19809,19812],"product_tag":[],"class_list":{"0":"post-49318","1":"product","2":"type-product","3":"status-publish","4":"has-post-thumbnail","6":"product_cat-arturo-fuente","7":"product_cat-arturo-fuente-don-carlos","8":"product_cat-cigares","9":"product_cat-cigares-dominicains","10":"product_shipping_class-cigares","12":"first","13":"instock","14":"taxable","15":"shipping-taxable","16":"purchasable","17":"product-type-simple"},"acf":[],"_links":{"self":[{"href":"https:\/\/cigarquality.com\/ja\/wp-json\/wp\/v2\/product\/49318","targetHints":{"allow":["GET"]}}],"collection":[{"href":"https:\/\/cigarquality.com\/ja\/wp-json\/wp\/v2\/product"}],"about":[{"href":"https:\/\/cigarquality.com\/ja\/wp-json\/wp\/v2\/types\/product"}],"wp:featuredmedia":[{"embeddable":true,"href":"https:\/\/cigarquality.com\/ja\/wp-json\/wp\/v2\/media\/49322"}],"wp:attachment":[{"href":"https:\/\/cigarquality.com\/ja\/wp-json\/wp\/v2\/media?parent=49318"}],"wp:term":[{"taxonomy":"product_brand","embeddable":true,"href":"https:\/\/cigarquality.com\/ja\/wp-json\/wp\/v2\/product_brand?post=49318"},{"taxonomy":"product_cat","embeddable":true,"href":"https:\/\/cigarquality.com\/ja\/wp-json\/wp\/v2\/product_cat?post=49318"},{"taxonomy":"product_tag","embeddable":true,"href":"https:\/\/cigarquality.com\/ja\/wp-json\/wp\/v2\/product_tag?post=49318"}],"curies":[{"name":"wp","href":"https:\/\/api.w.org\/{rel}","templated":true}]}}