{"id":49262,"date":"2018-03-29T10:29:08","date_gmt":"2018-03-29T09:29:08","guid":{"rendered":"https:\/\/mkulcarx.preview.infomaniak.website\/produit\/hemingway-untold-story\/"},"modified":"2026-03-02T16:28:43","modified_gmt":"2026-03-02T15:28:43","slug":"arturo-fuente-hemingway-untold-story","status":"publish","type":"product","link":"https:\/\/cigarquality.com\/ja\/boutique\/cigares-dominicains\/arturo-fuente\/arturo-fuente-hemingway\/arturo-fuente-hemingway-untold-story\/","title":{"rendered":"\u30a2\u30eb\u30c8\u30a5\u30fc\u30ed\u30fb\u30d5\u30a8\u30f3\u30c6 \u30d8\u30df\u30f3\u30b0\u30a6\u30a7\u30a4\u79d8\u8a71 (25)"},"content":{"rendered":"<p>Le Arturo Fuente Hemingway Untold Story Maduro est un cigare rare et tr\u00e8s recherch\u00e9, avec un profil de saveur riche et doux issu de ses tabacs de tripes dominicaines vieillies et de la cape Maduro \u00e0 feuilles larges et fonc\u00e9es. Des nuances douces ajoutent \u00e0 la profondeur de ce cigare, et son excellente construction et sa forme en font un plaisir \u00e0 fumer.<\/p>","protected":false},"excerpt":{"rendered":"<p>\u8449\u5dfb25\u672c\u5165\u308a\u3002.<\/p>","protected":false},"featured_media":49268,"template":"","meta":{"_acf_changed":false},"product_brand":[],"product_cat":[16857,26952,19809,19812],"product_tag":[1721,1655],"class_list":{"0":"post-49262","1":"product","2":"type-product","3":"status-publish","4":"has-post-thumbnail","6":"product_cat-arturo-fuente","7":"product_cat-arturo-fuente-hemingway","8":"product_cat-cigares","9":"product_cat-cigares-dominicains","10":"product_tag-hemingway","11":"product_tag-maduro","12":"product_shipping_class-cigares","14":"first","15":"instock","16":"taxable","17":"shipping-taxable","18":"purchasable","19":"product-type-simple"},"acf":[],"_links":{"self":[{"href":"https:\/\/cigarquality.com\/ja\/wp-json\/wp\/v2\/product\/49262","targetHints":{"allow":["GET"]}}],"collection":[{"href":"https:\/\/cigarquality.com\/ja\/wp-json\/wp\/v2\/product"}],"about":[{"href":"https:\/\/cigarquality.com\/ja\/wp-json\/wp\/v2\/types\/product"}],"wp:featuredmedia":[{"embeddable":true,"href":"https:\/\/cigarquality.com\/ja\/wp-json\/wp\/v2\/media\/49268"}],"wp:attachment":[{"href":"https:\/\/cigarquality.com\/ja\/wp-json\/wp\/v2\/media?parent=49262"}],"wp:term":[{"taxonomy":"product_brand","embeddable":true,"href":"https:\/\/cigarquality.com\/ja\/wp-json\/wp\/v2\/product_brand?post=49262"},{"taxonomy":"product_cat","embeddable":true,"href":"https:\/\/cigarquality.com\/ja\/wp-json\/wp\/v2\/product_cat?post=49262"},{"taxonomy":"product_tag","embeddable":true,"href":"https:\/\/cigarquality.com\/ja\/wp-json\/wp\/v2\/product_tag?post=49262"}],"curies":[{"name":"wp","href":"https:\/\/api.w.org\/{rel}","templated":true}]}}