{"id":49242,"date":"2018-03-29T11:29:08","date_gmt":"2018-03-29T09:29:08","guid":{"rendered":"https:\/\/mkulcarx.preview.infomaniak.website\/produit\/anejo-55-pyramid\/"},"modified":"2026-03-11T14:36:49","modified_gmt":"2026-03-11T13:36:49","slug":"arturo-fuente-anejo-no-55-pyramid","status":"publish","type":"product","link":"https:\/\/cigarquality.com\/ja\/boutique\/cigares-dominicains\/arturo-fuente\/arturo-fuente-anejo\/arturo-fuente-anejo-no-55-pyramid\/","title":{"rendered":"Arturo Fuente Anejo No. 55 Pyramid Xtra Viejo (25)"},"content":{"rendered":"<p><strong>Le cigare Arturo Fuente Anejo No 55 Pyramid<\/strong> est consid\u00e9r\u00e9 comme une fum\u00e9e de moyenne \u00e0 cors\u00e9e, fait avec la meilleure tripe de tabac et la meilleure sous-cape de la plantation du ch\u00e2teau de la Fuente en R\u00e9publique dominicaine, avec un tabac \u00e0 cape maduro de 5 ans Connecticut \u00e0 feuilles larges.<\/p>","protected":false},"excerpt":{"rendered":"<p>\u8449\u5dfb25\u672c\u5165\u308a\u3002.<\/p>","protected":false},"featured_media":49244,"template":"","meta":{"_acf_changed":false},"product_brand":[],"product_cat":[16857,27195,19809,19812],"product_tag":[],"class_list":{"0":"post-49242","1":"product","2":"type-product","3":"status-publish","4":"has-post-thumbnail","6":"product_cat-arturo-fuente","7":"product_cat-arturo-fuente-anejo","8":"product_cat-cigares","9":"product_cat-cigares-dominicains","10":"product_shipping_class-cigares","12":"first","13":"instock","14":"taxable","15":"shipping-taxable","16":"purchasable","17":"product-type-simple"},"acf":[],"_links":{"self":[{"href":"https:\/\/cigarquality.com\/ja\/wp-json\/wp\/v2\/product\/49242","targetHints":{"allow":["GET"]}}],"collection":[{"href":"https:\/\/cigarquality.com\/ja\/wp-json\/wp\/v2\/product"}],"about":[{"href":"https:\/\/cigarquality.com\/ja\/wp-json\/wp\/v2\/types\/product"}],"wp:featuredmedia":[{"embeddable":true,"href":"https:\/\/cigarquality.com\/ja\/wp-json\/wp\/v2\/media\/49244"}],"wp:attachment":[{"href":"https:\/\/cigarquality.com\/ja\/wp-json\/wp\/v2\/media?parent=49242"}],"wp:term":[{"taxonomy":"product_brand","embeddable":true,"href":"https:\/\/cigarquality.com\/ja\/wp-json\/wp\/v2\/product_brand?post=49242"},{"taxonomy":"product_cat","embeddable":true,"href":"https:\/\/cigarquality.com\/ja\/wp-json\/wp\/v2\/product_cat?post=49242"},{"taxonomy":"product_tag","embeddable":true,"href":"https:\/\/cigarquality.com\/ja\/wp-json\/wp\/v2\/product_tag?post=49242"}],"curies":[{"name":"wp","href":"https:\/\/api.w.org\/{rel}","templated":true}]}}