{"id":49196,"date":"2018-03-29T11:29:08","date_gmt":"2018-03-29T09:29:08","guid":{"rendered":"https:\/\/mkulcarx.preview.infomaniak.website\/produit\/60\/"},"modified":"2026-03-31T15:39:57","modified_gmt":"2026-03-31T13:39:57","slug":"arturo-fuente-rosado-sungrown-magnum-r-60","status":"publish","type":"product","link":"https:\/\/cigarquality.com\/ja\/boutique\/cigares-dominicains\/arturo-fuente\/arturo-fuente-magnum-rosado\/arturo-fuente-rosado-sungrown-magnum-r-60\/","title":{"rendered":"\u30a2\u30eb\u30c8\u30a5\u30fc\u30ed\u30fb\u30d5\u30a8\u30f3\u30c6 \u30de\u30b0\u30ca\u30e0R 60 \u30ed\u30b5\u30fc\u30c9 (24)"},"content":{"rendered":"<p>Arturo Fuente Rosado Sungrown Magnum R 60\u00a0a une cape parfaitement ensoleill\u00e9e ayant vieilli pendant 8 \u00e0 10 ans. Cette Arturo Fuente Rosado Sungrown Magnum R 60 offre un go\u00fbt cr\u00e9meux doux \u00e0 moyen.<\/p>","protected":false},"excerpt":{"rendered":"<p>\u8449\u5dfb24\u672c\u5165\u308a\u3002.<\/p>","protected":false},"featured_media":8729,"template":"","meta":{"_acf_changed":false},"product_brand":[],"product_cat":[16857,27199,19809,19812,16866],"product_tag":[1907,1906],"class_list":{"0":"post-49196","1":"product","2":"type-product","3":"status-publish","4":"has-post-thumbnail","6":"product_cat-arturo-fuente","7":"product_cat-arturo-fuente-magnum-rosado","8":"product_cat-cigares","9":"product_cat-cigares-dominicains","10":"product_cat-les-meilleurs-cigares","11":"product_tag-cemeux-moyen","12":"product_tag-cremeux-doux","13":"product_shipping_class-cigares","15":"first","16":"instock","17":"taxable","18":"shipping-taxable","19":"purchasable","20":"product-type-simple"},"acf":[],"_links":{"self":[{"href":"https:\/\/cigarquality.com\/ja\/wp-json\/wp\/v2\/product\/49196","targetHints":{"allow":["GET"]}}],"collection":[{"href":"https:\/\/cigarquality.com\/ja\/wp-json\/wp\/v2\/product"}],"about":[{"href":"https:\/\/cigarquality.com\/ja\/wp-json\/wp\/v2\/types\/product"}],"wp:featuredmedia":[{"embeddable":true,"href":"https:\/\/cigarquality.com\/ja\/wp-json\/wp\/v2\/media\/8729"}],"wp:attachment":[{"href":"https:\/\/cigarquality.com\/ja\/wp-json\/wp\/v2\/media?parent=49196"}],"wp:term":[{"taxonomy":"product_brand","embeddable":true,"href":"https:\/\/cigarquality.com\/ja\/wp-json\/wp\/v2\/product_brand?post=49196"},{"taxonomy":"product_cat","embeddable":true,"href":"https:\/\/cigarquality.com\/ja\/wp-json\/wp\/v2\/product_cat?post=49196"},{"taxonomy":"product_tag","embeddable":true,"href":"https:\/\/cigarquality.com\/ja\/wp-json\/wp\/v2\/product_tag?post=49196"}],"curies":[{"name":"wp","href":"https:\/\/api.w.org\/{rel}","templated":true}]}}