{"id":49164,"date":"2018-03-29T11:29:08","date_gmt":"2018-03-29T09:29:08","guid":{"rendered":"https:\/\/mkulcarx.preview.infomaniak.website\/produit\/44\/"},"modified":"2026-04-10T11:54:01","modified_gmt":"2026-04-10T09:54:01","slug":"arturo-fuente-rosado-sungrown-magnum-r-44","status":"publish","type":"product","link":"https:\/\/cigarquality.com\/ja\/boutique\/cigares-dominicains\/arturo-fuente\/arturo-fuente-magnum-rosado\/arturo-fuente-rosado-sungrown-magnum-r-44\/","title":{"rendered":"Arturo Fuente Magnum R 44 Rosado Sun Grown (44)"},"content":{"rendered":"<p>Le Arturo Fuente Rosado Sungrown Magnum R 44 est un Corona Extra plein de saveur. De force moyenne, le Rosado comprend une cape ensoleill\u00e9e \u00e9quatorienne avec une sous-cape et une tripe provenant de la R\u00e9publique dominicaine.<\/p>\n<p>Une combinaison gagnante de cannelle, de fruits secs, de noix et d&rsquo;\u00e9rable conf\u00e8re au Rosado son profil cors\u00e9. <strong>Le Arturo Fuente Rosado Sungrown Magnum R 44 a \u00e9t\u00e9 \u00e9lu Cigare No. 6 par Cigar Aficionado en 2016.<\/strong><\/p>","protected":false},"excerpt":{"rendered":"<p>Bo\u00eete de 44 cigares.<\/p>","protected":false},"featured_media":49168,"template":"","meta":{"_acf_changed":false},"product_brand":[],"product_cat":[16857,27199,19809,19812],"product_tag":[1877,945,1879,1880,1878],"class_list":{"0":"post-49164","1":"product","2":"type-product","3":"status-publish","4":"has-post-thumbnail","6":"product_cat-arturo-fuente","7":"product_cat-arturo-fuente-magnum-rosado","8":"product_cat-cigares","9":"product_cat-cigares-dominicains","10":"product_tag-canelle","11":"product_tag-corse","12":"product_tag-erable","13":"product_tag-fruits-secs","14":"product_tag-noix","15":"product_shipping_class-cigares","17":"first","18":"instock","19":"taxable","20":"shipping-taxable","21":"purchasable","22":"product-type-simple"},"acf":[],"_links":{"self":[{"href":"https:\/\/cigarquality.com\/ja\/wp-json\/wp\/v2\/product\/49164","targetHints":{"allow":["GET"]}}],"collection":[{"href":"https:\/\/cigarquality.com\/ja\/wp-json\/wp\/v2\/product"}],"about":[{"href":"https:\/\/cigarquality.com\/ja\/wp-json\/wp\/v2\/types\/product"}],"wp:featuredmedia":[{"embeddable":true,"href":"https:\/\/cigarquality.com\/ja\/wp-json\/wp\/v2\/media\/49168"}],"wp:attachment":[{"href":"https:\/\/cigarquality.com\/ja\/wp-json\/wp\/v2\/media?parent=49164"}],"wp:term":[{"taxonomy":"product_brand","embeddable":true,"href":"https:\/\/cigarquality.com\/ja\/wp-json\/wp\/v2\/product_brand?post=49164"},{"taxonomy":"product_cat","embeddable":true,"href":"https:\/\/cigarquality.com\/ja\/wp-json\/wp\/v2\/product_cat?post=49164"},{"taxonomy":"product_tag","embeddable":true,"href":"https:\/\/cigarquality.com\/ja\/wp-json\/wp\/v2\/product_tag?post=49164"}],"curies":[{"name":"wp","href":"https:\/\/api.w.org\/{rel}","templated":true}]}}