{"id":49130,"date":"2018-03-29T11:29:15","date_gmt":"2018-03-29T09:29:15","guid":{"rendered":"https:\/\/mkulcarx.preview.infomaniak.website\/produit\/magnum\/"},"modified":"2025-07-25T13:53:30","modified_gmt":"2025-07-25T11:53:30","slug":"padron-classic-magnum","status":"publish","type":"product","link":"https:\/\/cigarquality.com\/ja\/boutique\/cigares-nicaraguayens\/padron\/padron-series\/padron-classic-magnum\/","title":{"rendered":"Padron Series Magnum (25)"},"content":{"rendered":"<p><strong>La s\u00e9rie Padron Series Magnum fait partie d\u2019une gamme de cigares Padron de luxe. <\/strong>\u00c9labor\u00e9 \u00e0 partir d&rsquo;une recette de tabacs nicaraguayens \u00e0 100% cultiv\u00e9s dans la ferme familiale, vous passerez beaucoup de temps \u00e0 savourer des saveurs d&rsquo;\u00e9pices, de caf\u00e9, de bois, de cuir et de poivre noir, tout en douceur.<\/p>","protected":false},"excerpt":{"rendered":"<p>\u8449\u5dfb26\u672c\u5165\u308a\u3002.<\/p>","protected":false},"featured_media":49134,"template":"","meta":{"_acf_changed":false},"product_brand":[],"product_cat":[19809,24833,25449,25451],"product_tag":[2353,942,1849,2095,1841],"class_list":{"0":"post-49130","1":"product","2":"type-product","3":"status-publish","4":"has-post-thumbnail","6":"product_cat-cigares","7":"product_cat-cigares-nicaraguayens","8":"product_cat-padron","9":"product_cat-padron-series","10":"product_tag-bois","11":"product_tag-cafe","12":"product_tag-cuir","13":"product_tag-epices","14":"product_tag-poivre-noir","15":"product_shipping_class-cigares","17":"first","18":"outofstock","19":"taxable","20":"shipping-taxable","21":"purchasable","22":"product-type-simple"},"acf":[],"_links":{"self":[{"href":"https:\/\/cigarquality.com\/ja\/wp-json\/wp\/v2\/product\/49130","targetHints":{"allow":["GET"]}}],"collection":[{"href":"https:\/\/cigarquality.com\/ja\/wp-json\/wp\/v2\/product"}],"about":[{"href":"https:\/\/cigarquality.com\/ja\/wp-json\/wp\/v2\/types\/product"}],"wp:featuredmedia":[{"embeddable":true,"href":"https:\/\/cigarquality.com\/ja\/wp-json\/wp\/v2\/media\/49134"}],"wp:attachment":[{"href":"https:\/\/cigarquality.com\/ja\/wp-json\/wp\/v2\/media?parent=49130"}],"wp:term":[{"taxonomy":"product_brand","embeddable":true,"href":"https:\/\/cigarquality.com\/ja\/wp-json\/wp\/v2\/product_brand?post=49130"},{"taxonomy":"product_cat","embeddable":true,"href":"https:\/\/cigarquality.com\/ja\/wp-json\/wp\/v2\/product_cat?post=49130"},{"taxonomy":"product_tag","embeddable":true,"href":"https:\/\/cigarquality.com\/ja\/wp-json\/wp\/v2\/product_tag?post=49130"}],"curies":[{"name":"wp","href":"https:\/\/api.w.org\/{rel}","templated":true}]}}