{"id":49120,"date":"2018-03-29T11:29:15","date_gmt":"2018-03-29T09:29:15","guid":{"rendered":"https:\/\/mkulcarx.preview.infomaniak.website\/produit\/opus-x-pussy-cats\/"},"modified":"2026-03-11T14:37:41","modified_gmt":"2026-03-11T13:37:41","slug":"arturo-fuente-opus-x-pussy-cats","status":"publish","type":"product","link":"https:\/\/cigarquality.com\/ja\/boutique\/cigares-dominicains\/arturo-fuente\/fuente-fuente-opus-x\/fuente-fuente-opus-x-classic\/arturo-fuente-opus-x-pussy-cats\/","title":{"rendered":"Arturo Fuente FFOX Pussy Cats (39)"},"content":{"rendered":"<p><strong>Les cigares Arturo Fuente de la gamme Opus X sont rares et sont fabriqu\u00e9s \u00e0 partir de tabac 100% dominicain.<\/strong>\u00a0C&rsquo;est une gamme unique et d&rsquo;une grande qualit\u00e9 de fabrication. Ce Pussy Cats, id\u00e9al \u00e0 d\u00e9guster apr\u00e8s le lunch, offre environ 30 minutes de plaisir. Ce petit format ravira les afficionados qui aiment des vitoles puissantes, aux ar\u00f4mes uniques, dont seule la famille Fuente a le secret.<\/p>\n<p><strong>L&rsquo;Opus X a \u00e9t\u00e9 d\u00e9cern\u00e9 en 2006 par le magazine Cigar Aficionado comme le \u00ab\u00a0Meilleur cigare de l&rsquo;ann\u00e9e\u00a0\u00bb.<\/strong><\/p>","protected":false},"excerpt":{"rendered":"<p>Bo\u00eete de 39 cigares.<\/p>","protected":false},"featured_media":8668,"template":"","meta":{"_acf_changed":false},"product_brand":[],"product_cat":[16857,19809,19812,24616,45768],"product_tag":[1623,1624],"class_list":{"0":"post-49120","1":"product","2":"type-product","3":"status-publish","4":"has-post-thumbnail","6":"product_cat-arturo-fuente","7":"product_cat-cigares","8":"product_cat-cigares-dominicains","9":"product_cat-fuente-fuente-opus-x","10":"product_cat-fuente-fuente-opus-x-classic","11":"product_tag-opus-x","12":"product_tag-pussy-cats","13":"product_shipping_class-cigares","15":"first","16":"outofstock","17":"taxable","18":"shipping-taxable","19":"purchasable","20":"product-type-simple"},"acf":[],"_links":{"self":[{"href":"https:\/\/cigarquality.com\/ja\/wp-json\/wp\/v2\/product\/49120","targetHints":{"allow":["GET"]}}],"collection":[{"href":"https:\/\/cigarquality.com\/ja\/wp-json\/wp\/v2\/product"}],"about":[{"href":"https:\/\/cigarquality.com\/ja\/wp-json\/wp\/v2\/types\/product"}],"wp:featuredmedia":[{"embeddable":true,"href":"https:\/\/cigarquality.com\/ja\/wp-json\/wp\/v2\/media\/8668"}],"wp:attachment":[{"href":"https:\/\/cigarquality.com\/ja\/wp-json\/wp\/v2\/media?parent=49120"}],"wp:term":[{"taxonomy":"product_brand","embeddable":true,"href":"https:\/\/cigarquality.com\/ja\/wp-json\/wp\/v2\/product_brand?post=49120"},{"taxonomy":"product_cat","embeddable":true,"href":"https:\/\/cigarquality.com\/ja\/wp-json\/wp\/v2\/product_cat?post=49120"},{"taxonomy":"product_tag","embeddable":true,"href":"https:\/\/cigarquality.com\/ja\/wp-json\/wp\/v2\/product_tag?post=49120"}],"curies":[{"name":"wp","href":"https:\/\/api.w.org\/{rel}","templated":true}]}}