{"id":49030,"date":"2018-03-29T11:29:23","date_gmt":"2018-03-29T09:29:23","guid":{"rendered":"https:\/\/mkulcarx.preview.infomaniak.website\/produit\/anniv-superior\/"},"modified":"2025-07-25T13:53:44","modified_gmt":"2025-07-25T11:53:44","slug":"padron-1964-anniversary-superior","status":"publish","type":"product","link":"https:\/\/cigarquality.com\/ja\/boutique\/cigares-nicaraguayens\/padron\/padron-1964-anniversary\/padron-1964-anniversary-superior\/","title":{"rendered":"\u30d1\u30c9\u30ed\u30f3 1964 \u30b9\u30da\u30ea\u30aa\u30fc\u30eb (25)"},"content":{"rendered":"<p><span>Les cigares Padron 1964 Anniversary Superior sont un autre superbe corona extra-press\u00e9 avec un m\u00e9lange de feuilles toutes nicaraguayennes qui ne peuvent provenir que des ma\u00eetres de Padron.<\/span><\/p>\n<p><span>Riche, rond et terreux avec des notes de caf\u00e9 et de cacao, <strong>vous aurez au moins une heure de d\u00e9tente sublime.\u00a0<\/strong><\/span><strong>Commandez le v\u00f4tre maintenant.<\/strong><\/p>\n<p>\u8449\u5dfb25\u672c\u5165\u308a\u3002.<\/p>","protected":false},"excerpt":{"rendered":"<p>\u8449\u5dfb25\u672c\u5165\u308a\u3002.<\/p>","protected":false},"featured_media":49034,"template":"","meta":{"_acf_changed":false},"product_brand":[],"product_cat":[19809,24833,25449,32703],"product_tag":[626,942,10766,10767,9035],"class_list":{"0":"post-49030","1":"product","2":"type-product","3":"status-publish","4":"has-post-thumbnail","6":"product_cat-cigares","7":"product_cat-cigares-nicaraguayens","8":"product_cat-padron","9":"product_cat-padron-1964-anniversary","10":"product_tag-cacao","11":"product_tag-cafe","12":"product_tag-riche","13":"product_tag-rond","14":"product_tag-terreux","15":"product_shipping_class-cigares","17":"first","18":"outofstock","19":"taxable","20":"shipping-taxable","21":"purchasable","22":"product-type-simple"},"acf":[],"_links":{"self":[{"href":"https:\/\/cigarquality.com\/ja\/wp-json\/wp\/v2\/product\/49030","targetHints":{"allow":["GET"]}}],"collection":[{"href":"https:\/\/cigarquality.com\/ja\/wp-json\/wp\/v2\/product"}],"about":[{"href":"https:\/\/cigarquality.com\/ja\/wp-json\/wp\/v2\/types\/product"}],"wp:featuredmedia":[{"embeddable":true,"href":"https:\/\/cigarquality.com\/ja\/wp-json\/wp\/v2\/media\/49034"}],"wp:attachment":[{"href":"https:\/\/cigarquality.com\/ja\/wp-json\/wp\/v2\/media?parent=49030"}],"wp:term":[{"taxonomy":"product_brand","embeddable":true,"href":"https:\/\/cigarquality.com\/ja\/wp-json\/wp\/v2\/product_brand?post=49030"},{"taxonomy":"product_cat","embeddable":true,"href":"https:\/\/cigarquality.com\/ja\/wp-json\/wp\/v2\/product_cat?post=49030"},{"taxonomy":"product_tag","embeddable":true,"href":"https:\/\/cigarquality.com\/ja\/wp-json\/wp\/v2\/product_tag?post=49030"}],"curies":[{"name":"wp","href":"https:\/\/api.w.org\/{rel}","templated":true}]}}