{"id":49024,"date":"2018-03-29T11:29:23","date_gmt":"2018-03-29T09:29:23","guid":{"rendered":"https:\/\/mkulcarx.preview.infomaniak.website\/produit\/anniv-monarca\/"},"modified":"2025-07-25T13:53:43","modified_gmt":"2025-07-25T11:53:43","slug":"padron-1964-anniversary-monarca","status":"publish","type":"product","link":"https:\/\/cigarquality.com\/ja\/boutique\/cigares-nicaraguayens\/padron\/padron-1964-anniversary\/padron-1964-anniversary-monarca\/","title":{"rendered":"\u30d1\u30c9\u30ed\u30f3 1964 \u30a2\u30cb\u30d0\u30fc\u30b5\u30ea\u30fc \u30e2\u30ca\u30eb\u30ab (25)"},"content":{"rendered":"<p>\u8449\u5dfb <strong>Padron 1964 Anniversary Monarca font partie d&rsquo;une gamme ultra-premium lanc\u00e9e pour la premi\u00e8re fois en 1994 pour c\u00e9l\u00e9brer le 30e anniversaire de l&rsquo;entreprise.<\/strong> Utilisant des tabacs du Nicaragua cultiv\u00e9s dans des plantations bien vieillies et recouvert d&rsquo;une cape huileuse presque noire, le Padron 1964 Anniversary Monarca est fa\u00e7onn\u00e9 de fa\u00e7on experte inspir\u00e9e de la tradition cubaine ancestrale.<\/p>\n<p><strong>B\u00e9n\u00e9ficiant d&rsquo;une consistance et d&rsquo;une finesse incomparables,<\/strong> vous savourerez une fum\u00e9e mi-cors\u00e9e d\u00e9bordant de notes cr\u00e9meuses de chocolat au lait, de cacao, de noix de cajou, d&rsquo;\u00e9pices douces et de caramel.<\/p>","protected":false},"excerpt":{"rendered":"<p>\u8449\u5dfb25\u672c\u5165\u308a\u3002.<\/p>","protected":false},"featured_media":49028,"template":"","meta":{"_acf_changed":false},"product_brand":[],"product_cat":[19809,24833,25449,32703],"product_tag":[626,2061,10774,2095,2261],"class_list":{"0":"post-49024","1":"product","2":"type-product","3":"status-publish","4":"has-post-thumbnail","6":"product_cat-cigares","7":"product_cat-cigares-nicaraguayens","8":"product_cat-padron","9":"product_cat-padron-1964-anniversary","10":"product_tag-cacao","11":"product_tag-caramel","12":"product_tag-chocolat-au-lait","13":"product_tag-epices","14":"product_tag-noix-de-cajou","15":"product_shipping_class-cigares","17":"first","18":"outofstock","19":"taxable","20":"shipping-taxable","21":"purchasable","22":"product-type-simple"},"acf":[],"_links":{"self":[{"href":"https:\/\/cigarquality.com\/ja\/wp-json\/wp\/v2\/product\/49024","targetHints":{"allow":["GET"]}}],"collection":[{"href":"https:\/\/cigarquality.com\/ja\/wp-json\/wp\/v2\/product"}],"about":[{"href":"https:\/\/cigarquality.com\/ja\/wp-json\/wp\/v2\/types\/product"}],"wp:featuredmedia":[{"embeddable":true,"href":"https:\/\/cigarquality.com\/ja\/wp-json\/wp\/v2\/media\/49028"}],"wp:attachment":[{"href":"https:\/\/cigarquality.com\/ja\/wp-json\/wp\/v2\/media?parent=49024"}],"wp:term":[{"taxonomy":"product_brand","embeddable":true,"href":"https:\/\/cigarquality.com\/ja\/wp-json\/wp\/v2\/product_brand?post=49024"},{"taxonomy":"product_cat","embeddable":true,"href":"https:\/\/cigarquality.com\/ja\/wp-json\/wp\/v2\/product_cat?post=49024"},{"taxonomy":"product_tag","embeddable":true,"href":"https:\/\/cigarquality.com\/ja\/wp-json\/wp\/v2\/product_tag?post=49024"}],"curies":[{"name":"wp","href":"https:\/\/api.w.org\/{rel}","templated":true}]}}