{"id":49012,"date":"2018-03-29T11:29:23","date_gmt":"2018-03-29T09:29:23","guid":{"rendered":"https:\/\/mkulcarx.preview.infomaniak.website\/produit\/anniv-exclusivo\/"},"modified":"2025-07-25T13:53:42","modified_gmt":"2025-07-25T11:53:42","slug":"padron-1964-anniversary-exclusivo","status":"publish","type":"product","link":"https:\/\/cigarquality.com\/ja\/boutique\/cigares-nicaraguayens\/padron\/padron-1964-anniversary\/padron-1964-anniversary-exclusivo\/","title":{"rendered":"\u30d1\u30c9\u30ed\u30f3 1964 \u30a2\u30cb\u30d0\u30fc\u30b5\u30ea\u30fc \u30a8\u30af\u30b9\u30af\u30eb\u30fc\u30b7\u30d6 (25)"},"content":{"rendered":"<p><strong>Not\u00e9 d&rsquo;un remarquable 94<\/strong> par Cigar Aficionado, ces cigares festifs, c\u00e9l\u00e9br\u00e9s depuis 30 ans, <strong>sont les meilleurs des meilleurs cigares au monde. <\/strong>La gamme Padron 1964 Anniversary Exclusivo est cors\u00e9e, luxuriante, bois\u00e9e et noiset\u00e9e avec des saveurs agr\u00e9ables d&rsquo;expresso, de cacao et d&rsquo;\u00e9pices.<\/p>\n<p>Press\u00e9s dans une bo\u00eete de 25 cigares, <strong>ces magnifiques cigares prouvent pourquoi Padron est c\u00e9l\u00e8bre pour avoir fabriqu\u00e9 certains des meilleurs cigares faits \u00e0 la main sur la plan\u00e8te.<\/strong><\/p>","protected":false},"excerpt":{"rendered":"<p>\u8449\u5dfb25\u672c\u5165\u308a\u3002.<\/p>","protected":false},"featured_media":49016,"template":"","meta":{"_acf_changed":false},"product_brand":[],"product_cat":[19809,24833,25449,32703],"product_tag":[2353,626,2095,2135,1914],"class_list":{"0":"post-49012","1":"product","2":"type-product","3":"status-publish","4":"has-post-thumbnail","6":"product_cat-cigares","7":"product_cat-cigares-nicaraguayens","8":"product_cat-padron","9":"product_cat-padron-1964-anniversary","10":"product_tag-bois","11":"product_tag-cacao","12":"product_tag-epices","13":"product_tag-expresso","14":"product_tag-noisette","15":"product_shipping_class-cigares","17":"first","18":"outofstock","19":"taxable","20":"shipping-taxable","21":"purchasable","22":"product-type-simple"},"acf":[],"_links":{"self":[{"href":"https:\/\/cigarquality.com\/ja\/wp-json\/wp\/v2\/product\/49012","targetHints":{"allow":["GET"]}}],"collection":[{"href":"https:\/\/cigarquality.com\/ja\/wp-json\/wp\/v2\/product"}],"about":[{"href":"https:\/\/cigarquality.com\/ja\/wp-json\/wp\/v2\/types\/product"}],"wp:featuredmedia":[{"embeddable":true,"href":"https:\/\/cigarquality.com\/ja\/wp-json\/wp\/v2\/media\/49016"}],"wp:attachment":[{"href":"https:\/\/cigarquality.com\/ja\/wp-json\/wp\/v2\/media?parent=49012"}],"wp:term":[{"taxonomy":"product_brand","embeddable":true,"href":"https:\/\/cigarquality.com\/ja\/wp-json\/wp\/v2\/product_brand?post=49012"},{"taxonomy":"product_cat","embeddable":true,"href":"https:\/\/cigarquality.com\/ja\/wp-json\/wp\/v2\/product_cat?post=49012"},{"taxonomy":"product_tag","embeddable":true,"href":"https:\/\/cigarquality.com\/ja\/wp-json\/wp\/v2\/product_tag?post=49012"}],"curies":[{"name":"wp","href":"https:\/\/api.w.org\/{rel}","templated":true}]}}