{"id":48988,"date":"2018-03-29T10:29:23","date_gmt":"2018-03-29T09:29:23","guid":{"rendered":"https:\/\/mkulcarx.preview.infomaniak.website\/produit\/7000\/"},"modified":"2025-07-25T13:21:05","modified_gmt":"2025-07-25T11:21:05","slug":"padron-classic-7000-maduro","status":"publish","type":"product","link":"https:\/\/cigarquality.com\/ja\/boutique\/cigares-nicaraguayens\/padron\/padron-series\/padron-classic-7000-maduro\/","title":{"rendered":"\u30d1\u30c9\u30ed\u30f3\u30b7\u30ea\u30fc\u30ba7000\u30de\u30c7\u30e5\u30ed (26)"},"content":{"rendered":"<p>Le Toro est relativement imposant, le diam\u00e8tre de 23 mm (ring 60) ne laisse pas indiff\u00e9rent. La cape bien grasse recouvre une tripe compacte. Le tirage est extr\u00eamement ais\u00e9, la fum\u00e9e remplit rapidement la bouche.<\/p>\n<p>Les ar\u00f4mes de caf\u00e9 et de cuir, \u00e9voluant sur le terreux sont relativement propre aux ar\u00f4mes de la gamme Padron Series.<\/p>\n<p>Le Padron Series 7000 Maduro est tr\u00e8s rassasiant pour un apr\u00e8s repas bien cossu.<\/p>","protected":false},"excerpt":{"rendered":"<p>\u8449\u5dfb26\u672c\u5165\u308a\u3002.<\/p>","protected":false},"featured_media":48992,"template":"","meta":{"_acf_changed":false},"product_brand":[],"product_cat":[19809,24833,25449,25451],"product_tag":[942,1849,2050],"class_list":{"0":"post-48988","1":"product","2":"type-product","3":"status-publish","4":"has-post-thumbnail","6":"product_cat-cigares","7":"product_cat-cigares-nicaraguayens","8":"product_cat-padron","9":"product_cat-padron-series","10":"product_tag-cafe","11":"product_tag-cuir","12":"product_tag-terre","13":"product_shipping_class-cigares","15":"first","16":"outofstock","17":"taxable","18":"shipping-taxable","19":"purchasable","20":"product-type-simple"},"acf":[],"_links":{"self":[{"href":"https:\/\/cigarquality.com\/ja\/wp-json\/wp\/v2\/product\/48988","targetHints":{"allow":["GET"]}}],"collection":[{"href":"https:\/\/cigarquality.com\/ja\/wp-json\/wp\/v2\/product"}],"about":[{"href":"https:\/\/cigarquality.com\/ja\/wp-json\/wp\/v2\/types\/product"}],"wp:featuredmedia":[{"embeddable":true,"href":"https:\/\/cigarquality.com\/ja\/wp-json\/wp\/v2\/media\/48992"}],"wp:attachment":[{"href":"https:\/\/cigarquality.com\/ja\/wp-json\/wp\/v2\/media?parent=48988"}],"wp:term":[{"taxonomy":"product_brand","embeddable":true,"href":"https:\/\/cigarquality.com\/ja\/wp-json\/wp\/v2\/product_brand?post=48988"},{"taxonomy":"product_cat","embeddable":true,"href":"https:\/\/cigarquality.com\/ja\/wp-json\/wp\/v2\/product_cat?post=48988"},{"taxonomy":"product_tag","embeddable":true,"href":"https:\/\/cigarquality.com\/ja\/wp-json\/wp\/v2\/product_tag?post=48988"}],"curies":[{"name":"wp","href":"https:\/\/api.w.org\/{rel}","templated":true}]}}