{"id":48976,"date":"2018-03-29T10:29:23","date_gmt":"2018-03-29T09:29:23","guid":{"rendered":"https:\/\/mkulcarx.preview.infomaniak.website\/produit\/5000\/"},"modified":"2025-07-25T13:53:32","modified_gmt":"2025-07-25T11:53:32","slug":"padron-classic-5000","status":"publish","type":"product","link":"https:\/\/cigarquality.com\/ja\/boutique\/cigares-nicaraguayens\/padron\/padron-series\/padron-classic-5000\/","title":{"rendered":"Padron Series 5000 (26)"},"content":{"rendered":"<p>Les cigares Padron Series 5000 est l\u2019une des <strong>plus d\u00e9licieuses fum\u00e9es mi-cors\u00e9es que vous aurez jamais go\u00fbt\u00e9es. <\/strong>Le m\u00e9lange vieilli de tabacs cultiv\u00e9s dans le soleil nicaraguayen est le compl\u00e9ment id\u00e9al \u00e0 une cape profonde et sombre. Ils sont pr\u00e9sent\u00e9s dans de jolies bo\u00eetes de 26 cigares.<\/p>","protected":false},"excerpt":{"rendered":"<p>\u8449\u5dfb26\u672c\u5165\u308a\u3002.<\/p>","protected":false},"featured_media":48980,"template":"","meta":{"_acf_changed":false},"product_brand":[],"product_cat":[19809,24833,25449,25451],"product_tag":[],"class_list":{"0":"post-48976","1":"product","2":"type-product","3":"status-publish","4":"has-post-thumbnail","6":"product_cat-cigares","7":"product_cat-cigares-nicaraguayens","8":"product_cat-padron","9":"product_cat-padron-series","10":"product_shipping_class-cigares","12":"first","13":"outofstock","14":"taxable","15":"shipping-taxable","16":"purchasable","17":"product-type-simple"},"acf":[],"_links":{"self":[{"href":"https:\/\/cigarquality.com\/ja\/wp-json\/wp\/v2\/product\/48976","targetHints":{"allow":["GET"]}}],"collection":[{"href":"https:\/\/cigarquality.com\/ja\/wp-json\/wp\/v2\/product"}],"about":[{"href":"https:\/\/cigarquality.com\/ja\/wp-json\/wp\/v2\/types\/product"}],"wp:featuredmedia":[{"embeddable":true,"href":"https:\/\/cigarquality.com\/ja\/wp-json\/wp\/v2\/media\/48980"}],"wp:attachment":[{"href":"https:\/\/cigarquality.com\/ja\/wp-json\/wp\/v2\/media?parent=48976"}],"wp:term":[{"taxonomy":"product_brand","embeddable":true,"href":"https:\/\/cigarquality.com\/ja\/wp-json\/wp\/v2\/product_brand?post=48976"},{"taxonomy":"product_cat","embeddable":true,"href":"https:\/\/cigarquality.com\/ja\/wp-json\/wp\/v2\/product_cat?post=48976"},{"taxonomy":"product_tag","embeddable":true,"href":"https:\/\/cigarquality.com\/ja\/wp-json\/wp\/v2\/product_tag?post=48976"}],"curies":[{"name":"wp","href":"https:\/\/api.w.org\/{rel}","templated":true}]}}