{"id":48964,"date":"2018-03-29T10:29:23","date_gmt":"2018-03-29T09:29:23","guid":{"rendered":"https:\/\/mkulcarx.preview.infomaniak.website\/produit\/4000\/"},"modified":"2025-07-25T13:53:32","modified_gmt":"2025-07-25T11:53:32","slug":"padron-classic-4000","status":"publish","type":"product","link":"https:\/\/cigarquality.com\/ja\/boutique\/cigares-nicaraguayens\/padron\/padron-series\/padron-classic-4000\/","title":{"rendered":"Padron Series 4000 (26)"},"content":{"rendered":"<p>Les cigares Padron Series 4000 sont des cigares fabriqu\u00e9s avec le plus grand soin \u00e0 chaque \u00e9tape. Le processus commence par la culture des tabacs par la famille Padron. <strong>Ce sont des tabacs nicaraguayens \u00e0 graines cubaines<\/strong> cultiv\u00e9s au soleil qui remplissent le noyau de ces cigares.\u00a0Ils sont enroul\u00e9s dans une cape sombre Habano Maduro nicaraguayenne. Ces cigares sont vieillis plus de deux ans, ce qui leur conf\u00e8re un profil lisse et cr\u00e9meux.<\/p>\n<p>Ils affichent une force moyenne \u00e0 totale et des notes savoureuses de cacao, de noix et de terre. <strong>Ils sont emball\u00e9s dans des bo\u00eetes en bois par lot de 26 cigares.\u00a0<\/strong><\/p>","protected":false},"excerpt":{"rendered":"<p>\u8449\u5dfb26\u672c\u5165\u308a\u3002.<\/p>","protected":false},"featured_media":48968,"template":"","meta":{"_acf_changed":false},"product_brand":[],"product_cat":[19809,24833,25449,25451],"product_tag":[626,1878,2050],"class_list":{"0":"post-48964","1":"product","2":"type-product","3":"status-publish","4":"has-post-thumbnail","6":"product_cat-cigares","7":"product_cat-cigares-nicaraguayens","8":"product_cat-padron","9":"product_cat-padron-series","10":"product_tag-cacao","11":"product_tag-noix","12":"product_tag-terre","13":"product_shipping_class-cigares","15":"first","16":"outofstock","17":"taxable","18":"shipping-taxable","19":"purchasable","20":"product-type-simple"},"acf":[],"_links":{"self":[{"href":"https:\/\/cigarquality.com\/ja\/wp-json\/wp\/v2\/product\/48964","targetHints":{"allow":["GET"]}}],"collection":[{"href":"https:\/\/cigarquality.com\/ja\/wp-json\/wp\/v2\/product"}],"about":[{"href":"https:\/\/cigarquality.com\/ja\/wp-json\/wp\/v2\/types\/product"}],"wp:featuredmedia":[{"embeddable":true,"href":"https:\/\/cigarquality.com\/ja\/wp-json\/wp\/v2\/media\/48968"}],"wp:attachment":[{"href":"https:\/\/cigarquality.com\/ja\/wp-json\/wp\/v2\/media?parent=48964"}],"wp:term":[{"taxonomy":"product_brand","embeddable":true,"href":"https:\/\/cigarquality.com\/ja\/wp-json\/wp\/v2\/product_brand?post=48964"},{"taxonomy":"product_cat","embeddable":true,"href":"https:\/\/cigarquality.com\/ja\/wp-json\/wp\/v2\/product_cat?post=48964"},{"taxonomy":"product_tag","embeddable":true,"href":"https:\/\/cigarquality.com\/ja\/wp-json\/wp\/v2\/product_tag?post=48964"}],"curies":[{"name":"wp","href":"https:\/\/api.w.org\/{rel}","templated":true}]}}