{"id":48952,"date":"2018-03-29T10:29:23","date_gmt":"2018-03-29T09:29:23","guid":{"rendered":"https:\/\/mkulcarx.preview.infomaniak.website\/produit\/3000\/"},"modified":"2025-07-25T13:53:31","modified_gmt":"2025-07-25T11:53:31","slug":"padron-classic-3000","status":"publish","type":"product","link":"https:\/\/cigarquality.com\/ja\/boutique\/cigares-nicaraguayens\/padron\/padron-series\/padron-classic-3000\/","title":{"rendered":"\u30d1\u30c9\u30ed\u30f3\u30b7\u30ea\u30fc\u30ba3000 (26)"},"content":{"rendered":"<p>Les cigares de la gamme \u00ab\u00a0Series\u00a0\u00bb sont enroul\u00e9s avec <strong>des tabacs nicaraguayens Sungrown au Nicaragua.<\/strong>\u00a0Avant la transformation, les tabacs sont affin\u00e9s pendant <strong>au moins deux ans et demi.<\/strong> Les Padron Series 3000 sont d&rsquo;excellente qualit\u00e9 et sont g\u00e9n\u00e9ralement disponibles avec un Maduro plus fonc\u00e9 et une feuille de couverture naturelle l\u00e9g\u00e8re.<\/p>","protected":false},"excerpt":{"rendered":"<p>\u8449\u5dfb26\u672c\u5165\u308a\u3002.<\/p>","protected":false},"featured_media":48956,"template":"","meta":{"_acf_changed":false},"product_brand":[],"product_cat":[19809,24833,25449,25451],"product_tag":[626,1878,2050],"class_list":{"0":"post-48952","1":"product","2":"type-product","3":"status-publish","4":"has-post-thumbnail","6":"product_cat-cigares","7":"product_cat-cigares-nicaraguayens","8":"product_cat-padron","9":"product_cat-padron-series","10":"product_tag-cacao","11":"product_tag-noix","12":"product_tag-terre","13":"product_shipping_class-cigares","15":"first","16":"outofstock","17":"taxable","18":"shipping-taxable","19":"purchasable","20":"product-type-simple"},"acf":[],"_links":{"self":[{"href":"https:\/\/cigarquality.com\/ja\/wp-json\/wp\/v2\/product\/48952","targetHints":{"allow":["GET"]}}],"collection":[{"href":"https:\/\/cigarquality.com\/ja\/wp-json\/wp\/v2\/product"}],"about":[{"href":"https:\/\/cigarquality.com\/ja\/wp-json\/wp\/v2\/types\/product"}],"wp:featuredmedia":[{"embeddable":true,"href":"https:\/\/cigarquality.com\/ja\/wp-json\/wp\/v2\/media\/48956"}],"wp:attachment":[{"href":"https:\/\/cigarquality.com\/ja\/wp-json\/wp\/v2\/media?parent=48952"}],"wp:term":[{"taxonomy":"product_brand","embeddable":true,"href":"https:\/\/cigarquality.com\/ja\/wp-json\/wp\/v2\/product_brand?post=48952"},{"taxonomy":"product_cat","embeddable":true,"href":"https:\/\/cigarquality.com\/ja\/wp-json\/wp\/v2\/product_cat?post=48952"},{"taxonomy":"product_tag","embeddable":true,"href":"https:\/\/cigarquality.com\/ja\/wp-json\/wp\/v2\/product_tag?post=48952"}],"curies":[{"name":"wp","href":"https:\/\/api.w.org\/{rel}","templated":true}]}}