{"id":48900,"date":"2018-03-29T11:29:30","date_gmt":"2018-03-29T09:29:30","guid":{"rendered":"https:\/\/mkulcarx.preview.infomaniak.website\/produit\/padron-family-reserve-50-years\/"},"modified":"2025-07-25T13:21:07","modified_gmt":"2025-07-25T11:21:07","slug":"padron-family-reserve-50-years","status":"publish","type":"product","link":"https:\/\/cigarquality.com\/ja\/boutique\/cigares-nicaraguayens\/padron\/padron-family-reserve\/padron-family-reserve-50-years\/","title":{"rendered":"\u30d1\u30c9\u30ed\u30f3\u30d5\u30a1\u30df\u30ea\u30fc\u30ea\u30b6\u30fc\u30d650\u5e74 (10)"},"content":{"rendered":"<p><strong>La gamme Padron Family Reserve vient imm\u00e9diatement \u00e0 l\u2019esprit quand il s\u2019agit des meilleurs cigares disponibles sur le march\u00e9.<\/strong><\/p>\n<p>Compos\u00e9e de tabac nicaraguayen <strong>de la plus haute qualit\u00e9<\/strong> et m\u00e9ticuleusement vieillie, la Padron Family Reserve 50 Years Maduro est un robusto cors\u00e9 press\u00e9 dans une bo\u00eete, qui repr\u00e9sente le luxe sous tous ses angles. Avec la consistance sans faille qui fait la r\u00e9putation de Padron et son profil absolument d\u00e9licieux de cacao, de cuir, de terre et de cannelle,<strong> le Padron Family Reserve 50 Years Maduro est un choix judicieux pour votre prochaine c\u00e9l\u00e9bration ou tout simplement pour vous faire plaisir.<\/strong><\/p>","protected":false},"excerpt":{"rendered":"<p>\u8449\u5dfb10\u672c\u5165\u308a\u3002.<\/p>","protected":false},"featured_media":48904,"template":"","meta":{"_acf_changed":false},"product_brand":[],"product_cat":[19809,24833,25449,32776],"product_tag":[626,1877,1849,2050],"class_list":{"0":"post-48900","1":"product","2":"type-product","3":"status-publish","4":"has-post-thumbnail","6":"product_cat-cigares","7":"product_cat-cigares-nicaraguayens","8":"product_cat-padron","9":"product_cat-padron-family-reserve","10":"product_tag-cacao","11":"product_tag-canelle","12":"product_tag-cuir","13":"product_tag-terre","14":"product_shipping_class-cigares","16":"first","17":"outofstock","18":"taxable","19":"shipping-taxable","20":"purchasable","21":"product-type-simple"},"acf":[],"_links":{"self":[{"href":"https:\/\/cigarquality.com\/ja\/wp-json\/wp\/v2\/product\/48900","targetHints":{"allow":["GET"]}}],"collection":[{"href":"https:\/\/cigarquality.com\/ja\/wp-json\/wp\/v2\/product"}],"about":[{"href":"https:\/\/cigarquality.com\/ja\/wp-json\/wp\/v2\/types\/product"}],"wp:featuredmedia":[{"embeddable":true,"href":"https:\/\/cigarquality.com\/ja\/wp-json\/wp\/v2\/media\/48904"}],"wp:attachment":[{"href":"https:\/\/cigarquality.com\/ja\/wp-json\/wp\/v2\/media?parent=48900"}],"wp:term":[{"taxonomy":"product_brand","embeddable":true,"href":"https:\/\/cigarquality.com\/ja\/wp-json\/wp\/v2\/product_brand?post=48900"},{"taxonomy":"product_cat","embeddable":true,"href":"https:\/\/cigarquality.com\/ja\/wp-json\/wp\/v2\/product_cat?post=48900"},{"taxonomy":"product_tag","embeddable":true,"href":"https:\/\/cigarquality.com\/ja\/wp-json\/wp\/v2\/product_tag?post=48900"}],"curies":[{"name":"wp","href":"https:\/\/api.w.org\/{rel}","templated":true}]}}