{"id":48894,"date":"2018-03-29T11:29:30","date_gmt":"2018-03-29T09:29:30","guid":{"rendered":"https:\/\/mkulcarx.preview.infomaniak.website\/produit\/padron-family-reserve-46-years\/"},"modified":"2025-07-25T13:53:56","modified_gmt":"2025-07-25T11:53:56","slug":"padron-family-reserve-46-years","status":"publish","type":"product","link":"https:\/\/cigarquality.com\/ja\/boutique\/cigares-nicaraguayens\/padron\/padron-family-reserve\/padron-family-reserve-46-years\/","title":{"rendered":"\u30d1\u30c9\u30ed\u30f3\u30d5\u30a1\u30df\u30ea\u30fc\u30ea\u30b6\u30fc\u30d6 46\u5e74 (10)"},"content":{"rendered":"<p><span>Le Padron Family Reserve 46 Years est la derni\u00e8re \u00e9dition de la famille et a d\u00e9j\u00e0 pris d&rsquo;assaut l&rsquo;industrie du cigare! <\/span><span>Con\u00e7u pour comm\u00e9morer le 46 \u00e8me anniversaire de l&rsquo;excellence de cette entreprise illustre, ce gros cigare est compos\u00e9 de tabacs du Nicaragua de choix, \u00e2g\u00e9s de 10 ans! <\/span><span>Cors\u00e9 en saveur, cette beaut\u00e9 audacieuse est \u00e9galement tr\u00e8s douce et complexe, gr\u00e2ce \u00e0 l&rsquo;attente du moment parfait \u00e0 d\u00e9voiler.<\/span><\/p>","protected":false},"excerpt":{"rendered":"<p>\u8449\u5dfb10\u672c\u5165\u308a\u3002.<\/p>","protected":false},"featured_media":48898,"template":"","meta":{"_acf_changed":false},"product_brand":[],"product_cat":[19809,24833,25449,32776],"product_tag":[],"class_list":{"0":"post-48894","1":"product","2":"type-product","3":"status-publish","4":"has-post-thumbnail","6":"product_cat-cigares","7":"product_cat-cigares-nicaraguayens","8":"product_cat-padron","9":"product_cat-padron-family-reserve","10":"product_shipping_class-cigares","12":"first","13":"outofstock","14":"taxable","15":"shipping-taxable","16":"purchasable","17":"product-type-simple"},"acf":[],"_links":{"self":[{"href":"https:\/\/cigarquality.com\/ja\/wp-json\/wp\/v2\/product\/48894","targetHints":{"allow":["GET"]}}],"collection":[{"href":"https:\/\/cigarquality.com\/ja\/wp-json\/wp\/v2\/product"}],"about":[{"href":"https:\/\/cigarquality.com\/ja\/wp-json\/wp\/v2\/types\/product"}],"wp:featuredmedia":[{"embeddable":true,"href":"https:\/\/cigarquality.com\/ja\/wp-json\/wp\/v2\/media\/48898"}],"wp:attachment":[{"href":"https:\/\/cigarquality.com\/ja\/wp-json\/wp\/v2\/media?parent=48894"}],"wp:term":[{"taxonomy":"product_brand","embeddable":true,"href":"https:\/\/cigarquality.com\/ja\/wp-json\/wp\/v2\/product_brand?post=48894"},{"taxonomy":"product_cat","embeddable":true,"href":"https:\/\/cigarquality.com\/ja\/wp-json\/wp\/v2\/product_cat?post=48894"},{"taxonomy":"product_tag","embeddable":true,"href":"https:\/\/cigarquality.com\/ja\/wp-json\/wp\/v2\/product_tag?post=48894"}],"curies":[{"name":"wp","href":"https:\/\/api.w.org\/{rel}","templated":true}]}}