{"id":48876,"date":"2018-03-29T11:29:30","date_gmt":"2018-03-29T09:29:30","guid":{"rendered":"https:\/\/mkulcarx.preview.infomaniak.website\/produit\/40th-anniversary\/"},"modified":"2025-07-25T13:53:54","modified_gmt":"2025-07-25T11:53:54","slug":"padron-anniversary-1926-40th-anniversary","status":"publish","type":"product","link":"https:\/\/cigarquality.com\/ja\/boutique\/cigares-nicaraguayens\/padron\/padron-1926-serie\/padron-anniversary-1926-40th-anniversary\/","title":{"rendered":"\u30d1\u30c9\u30ed\u30f3 \u30a2\u30cb\u30d0\u30fc\u30b5\u30ea\u30fc 1926 40\u5468\u5e74 (20)"},"content":{"rendered":"<p><strong>Le Padron Anniversary 1926 40th Anniversary Torpedo Natural est un cigare en \u00e9dition tr\u00e8s limit\u00e9e<\/strong> qui a re\u00e7u les plus hautes distinctions de l&rsquo;industrie. Certains disent m\u00eame que le Padron 40th Torpedo <strong>pourrait \u00eatre le meilleur cigare fabriqu\u00e9 par Padron.<\/strong> <strong>En 2004, il a \u00e9t\u00e9 r\u00e9compens\u00e9 par le magazine Cigar Aficionado \u00ab\u00a0Cigare de l&rsquo;ann\u00e9e\u00a0\u00bb<\/strong> et obtient r\u00e9guli\u00e8rement <strong>93 points.<\/strong> Ce cigare cors\u00e9 allie complexit\u00e9, \u00e9quilibre et saveur. Il est fait \u00e0 la main avec du tabac cubain \u00e2g\u00e9 de 5 ans et <strong>chaque bande est grav\u00e9e d&rsquo;un num\u00e9ro de s\u00e9rie.<\/strong><\/p>\n<p>Leur go\u00fbt est doux, complexe et \u00e9quilibr\u00e9 avec de riches impressions d&rsquo;expresso, de cacao et de cr\u00e8me. Chaque torpille Padron 1926, 40 \u00e8me anniversaire, mesure 171.45 mm de long avec un calibre de 54 (diam\u00e8tre 21.25 mm). <strong>20 cigares sont emball\u00e9s \u00e0 la main dans une bo\u00eete.\u00a0<\/strong><\/p>\n<p><strong>La s\u00e9rie Padron Anniversary 1926 a \u00e9t\u00e9 cr\u00e9\u00e9e en 2002 pour comm\u00e9morer le 75e anniversaire de Jose Orlando Padron.<\/strong> Cette torpille du 40 \u00e8me anniversaire <strong>est la cr\u00e8me de la cr\u00e8me.<\/strong> Tout le tabac utilis\u00e9 dans cette gamme est vieilli pendant cinq ans. <strong>Le tabac ferment\u00e9 est ensuite m\u00e9lang\u00e9 pour cr\u00e9er une saveur exceptionnellement douce, complexe, \u00e9quilibr\u00e9e et cors\u00e9e.<\/strong><\/p>\n<p>Le Padron 1926 Annivesary Series est un cigare press\u00e9 dans une bo\u00eete sans faille. C&rsquo;est \u00e9quilibr\u00e9 mais complexe. La production annuelle de ce cigare est limit\u00e9e \u00e0 100&rsquo;000 cigares.<\/p>","protected":false},"excerpt":{"rendered":"<p>20\u672c\u5165\u308a\u3002.<\/p>","protected":false},"featured_media":48880,"template":"","meta":{"_acf_changed":false},"product_brand":[],"product_cat":[19809,24833,25449,32746],"product_tag":[626,9784,2135],"class_list":{"0":"post-48876","1":"product","2":"type-product","3":"status-publish","4":"has-post-thumbnail","6":"product_cat-cigares","7":"product_cat-cigares-nicaraguayens","8":"product_cat-padron","9":"product_cat-padron-1926-serie","10":"product_tag-cacao","11":"product_tag-creme","12":"product_tag-expresso","13":"product_shipping_class-cigares","15":"first","16":"outofstock","17":"taxable","18":"shipping-taxable","19":"purchasable","20":"product-type-simple"},"acf":[],"_links":{"self":[{"href":"https:\/\/cigarquality.com\/ja\/wp-json\/wp\/v2\/product\/48876","targetHints":{"allow":["GET"]}}],"collection":[{"href":"https:\/\/cigarquality.com\/ja\/wp-json\/wp\/v2\/product"}],"about":[{"href":"https:\/\/cigarquality.com\/ja\/wp-json\/wp\/v2\/types\/product"}],"wp:featuredmedia":[{"embeddable":true,"href":"https:\/\/cigarquality.com\/ja\/wp-json\/wp\/v2\/media\/48880"}],"wp:attachment":[{"href":"https:\/\/cigarquality.com\/ja\/wp-json\/wp\/v2\/media?parent=48876"}],"wp:term":[{"taxonomy":"product_brand","embeddable":true,"href":"https:\/\/cigarquality.com\/ja\/wp-json\/wp\/v2\/product_brand?post=48876"},{"taxonomy":"product_cat","embeddable":true,"href":"https:\/\/cigarquality.com\/ja\/wp-json\/wp\/v2\/product_cat?post=48876"},{"taxonomy":"product_tag","embeddable":true,"href":"https:\/\/cigarquality.com\/ja\/wp-json\/wp\/v2\/product_tag?post=48876"}],"curies":[{"name":"wp","href":"https:\/\/api.w.org\/{rel}","templated":true}]}}