{"id":48854,"date":"2018-03-29T10:29:30","date_gmt":"2018-03-29T09:29:30","guid":{"rendered":"https:\/\/mkulcarx.preview.infomaniak.website\/produit\/1926-9\/"},"modified":"2025-07-25T13:53:47","modified_gmt":"2025-07-25T11:53:47","slug":"padron-1926-serie-no-9","status":"publish","type":"product","link":"https:\/\/cigarquality.com\/ja\/boutique\/cigares-nicaraguayens\/padron\/padron-1926-serie\/padron-1926-serie-no-9\/","title":{"rendered":"\u30d1\u30c9\u30ed\u30f31926 \u30bb\u30ea\u30fcNo.9 (24)"},"content":{"rendered":"<p>Les Padron 1926 Serie No. 9 sont les pr\u00e9f\u00e9r\u00e9s des collectionneurs de cigares et des fumeurs depuis sa sortie en 2002, et ce pour une bonne raison. Chaque morceau de tabac contenu dans le noyau de remplissage long et son enveloppe Habano nicaraguayenne est vieilli pendant 5 \u00e0 10 ans pour une incroyable saveur haut de gamme.<\/p>","protected":false},"excerpt":{"rendered":"<p>\u8449\u5dfb24\u672c\u5165\u308a\u3002.<\/p>","protected":false},"featured_media":48858,"template":"","meta":{"_acf_changed":false},"product_brand":[],"product_cat":[19809,24833,25449,32746],"product_tag":[],"class_list":{"0":"post-48854","1":"product","2":"type-product","3":"status-publish","4":"has-post-thumbnail","6":"product_cat-cigares","7":"product_cat-cigares-nicaraguayens","8":"product_cat-padron","9":"product_cat-padron-1926-serie","10":"product_shipping_class-cigares","12":"first","13":"outofstock","14":"taxable","15":"shipping-taxable","16":"purchasable","17":"product-type-simple"},"acf":[],"_links":{"self":[{"href":"https:\/\/cigarquality.com\/ja\/wp-json\/wp\/v2\/product\/48854","targetHints":{"allow":["GET"]}}],"collection":[{"href":"https:\/\/cigarquality.com\/ja\/wp-json\/wp\/v2\/product"}],"about":[{"href":"https:\/\/cigarquality.com\/ja\/wp-json\/wp\/v2\/types\/product"}],"wp:featuredmedia":[{"embeddable":true,"href":"https:\/\/cigarquality.com\/ja\/wp-json\/wp\/v2\/media\/48858"}],"wp:attachment":[{"href":"https:\/\/cigarquality.com\/ja\/wp-json\/wp\/v2\/media?parent=48854"}],"wp:term":[{"taxonomy":"product_brand","embeddable":true,"href":"https:\/\/cigarquality.com\/ja\/wp-json\/wp\/v2\/product_brand?post=48854"},{"taxonomy":"product_cat","embeddable":true,"href":"https:\/\/cigarquality.com\/ja\/wp-json\/wp\/v2\/product_cat?post=48854"},{"taxonomy":"product_tag","embeddable":true,"href":"https:\/\/cigarquality.com\/ja\/wp-json\/wp\/v2\/product_tag?post=48854"}],"curies":[{"name":"wp","href":"https:\/\/api.w.org\/{rel}","templated":true}]}}