{"id":48848,"date":"2018-03-29T11:29:30","date_gmt":"2018-03-29T09:29:30","guid":{"rendered":"https:\/\/mkulcarx.preview.infomaniak.website\/produit\/n8\/"},"modified":"2025-07-25T13:53:59","modified_gmt":"2025-07-25T11:53:59","slug":"padron-damaso-n8","status":"publish","type":"product","link":"https:\/\/cigarquality.com\/ja\/boutique\/cigares-nicaraguayens\/padron\/padron-damaso\/padron-damaso-n8\/","title":{"rendered":"\u30d1\u30c9\u30ed\u30f3 \u30c0\u30de\u30bd N\u00b0 8 (20)"},"content":{"rendered":"<p>Le Padron Damaso N\u00b0 8 est un Corona qui offre la m\u00eame qualit\u00e9 et le m\u00eame savoir-faire que vous attendez d&rsquo;un cigare du nom Padron, mais au profil gustatif plus doux. Envelopp\u00e9s dans une feuille de cape du Connecticut, ces cigares portent le nom de Damaso Padron, le premier de la dynastie Padron \u00e0 \u00eatre arriv\u00e9 \u00e0 Cuba en provenance des \u00eeles Canaries et \u00e0 commencer \u00e0 faire pousser du tabac.<\/p>\n<p>20\u672c\u5165\u308a\u3002.<\/p>","protected":false},"excerpt":{"rendered":"<p>20\u672c\u5165\u308a\u3002.<\/p>","protected":false},"featured_media":48852,"template":"","meta":{"_acf_changed":false},"product_brand":[],"product_cat":[19809,24833,25449,32727],"product_tag":[],"class_list":{"0":"post-48848","1":"product","2":"type-product","3":"status-publish","4":"has-post-thumbnail","6":"product_cat-cigares","7":"product_cat-cigares-nicaraguayens","8":"product_cat-padron","9":"product_cat-padron-damaso","10":"product_shipping_class-cigares","12":"first","13":"outofstock","14":"taxable","15":"shipping-taxable","16":"purchasable","17":"product-type-simple"},"acf":[],"_links":{"self":[{"href":"https:\/\/cigarquality.com\/ja\/wp-json\/wp\/v2\/product\/48848","targetHints":{"allow":["GET"]}}],"collection":[{"href":"https:\/\/cigarquality.com\/ja\/wp-json\/wp\/v2\/product"}],"about":[{"href":"https:\/\/cigarquality.com\/ja\/wp-json\/wp\/v2\/types\/product"}],"wp:featuredmedia":[{"embeddable":true,"href":"https:\/\/cigarquality.com\/ja\/wp-json\/wp\/v2\/media\/48852"}],"wp:attachment":[{"href":"https:\/\/cigarquality.com\/ja\/wp-json\/wp\/v2\/media?parent=48848"}],"wp:term":[{"taxonomy":"product_brand","embeddable":true,"href":"https:\/\/cigarquality.com\/ja\/wp-json\/wp\/v2\/product_brand?post=48848"},{"taxonomy":"product_cat","embeddable":true,"href":"https:\/\/cigarquality.com\/ja\/wp-json\/wp\/v2\/product_cat?post=48848"},{"taxonomy":"product_tag","embeddable":true,"href":"https:\/\/cigarquality.com\/ja\/wp-json\/wp\/v2\/product_tag?post=48848"}],"curies":[{"name":"wp","href":"https:\/\/api.w.org\/{rel}","templated":true}]}}