{"id":48836,"date":"2018-03-29T11:29:30","date_gmt":"2018-03-29T09:29:30","guid":{"rendered":"https:\/\/mkulcarx.preview.infomaniak.website\/produit\/n17\/"},"modified":"2025-07-25T13:53:57","modified_gmt":"2025-07-25T11:53:57","slug":"padron-damaso-n-17","status":"publish","type":"product","link":"https:\/\/cigarquality.com\/ja\/boutique\/cigares-nicaraguayens\/padron\/padron-damaso\/padron-damaso-n-17\/","title":{"rendered":"\u30d1\u30c9\u30ed\u30f3 \u30c0\u30de\u30bd N\u00b0 17 (20)"},"content":{"rendered":"<p><span>Le Padron Damaso N\u00b0 17 est un cigare l\u00e9ger \u00e0 moyen fabriqu\u00e9 avec une tripe douce nicaraguayenne et dot\u00e9 d\u2019une cape du Connecticut. <\/span><\/p>\n<p><span>Bien que le nouveau Padron Damaso N\u00b0 17 soit une fum\u00e9e plus douce, il ne manque ni de saveur ni de complexit\u00e9. <\/span><span>Ils ont con\u00e7u ce m\u00e9lange pour que le cigare conserve sa richesse, sa douceur, son caract\u00e8re et sa complexit\u00e9 qui font la r\u00e9putation de Padron, mais plus doux encore, ce qui ouvre la porte \u00e0 plus de fumeurs et m\u00eame de d\u00e9butants;\u00a0<\/span><span>vous pouvez prendre un Padron Damaso N\u00b0 17 et en profiter \u00e0 tout moment de la journ\u00e9e !<\/span><\/p>\n<p>Bo\u00eete d 20 cigares.<\/p>","protected":false},"excerpt":{"rendered":"<p>20\u672c\u5165\u308a\u3002.<\/p>","protected":false},"featured_media":48838,"template":"","meta":{"_acf_changed":false},"product_brand":[],"product_cat":[19809,24833,25449,32727],"product_tag":[],"class_list":{"0":"post-48836","1":"product","2":"type-product","3":"status-publish","4":"has-post-thumbnail","6":"product_cat-cigares","7":"product_cat-cigares-nicaraguayens","8":"product_cat-padron","9":"product_cat-padron-damaso","10":"product_shipping_class-cigares","12":"first","13":"outofstock","14":"taxable","15":"shipping-taxable","16":"purchasable","17":"product-type-simple"},"acf":[],"_links":{"self":[{"href":"https:\/\/cigarquality.com\/ja\/wp-json\/wp\/v2\/product\/48836","targetHints":{"allow":["GET"]}}],"collection":[{"href":"https:\/\/cigarquality.com\/ja\/wp-json\/wp\/v2\/product"}],"about":[{"href":"https:\/\/cigarquality.com\/ja\/wp-json\/wp\/v2\/types\/product"}],"wp:featuredmedia":[{"embeddable":true,"href":"https:\/\/cigarquality.com\/ja\/wp-json\/wp\/v2\/media\/48838"}],"wp:attachment":[{"href":"https:\/\/cigarquality.com\/ja\/wp-json\/wp\/v2\/media?parent=48836"}],"wp:term":[{"taxonomy":"product_brand","embeddable":true,"href":"https:\/\/cigarquality.com\/ja\/wp-json\/wp\/v2\/product_brand?post=48836"},{"taxonomy":"product_cat","embeddable":true,"href":"https:\/\/cigarquality.com\/ja\/wp-json\/wp\/v2\/product_cat?post=48836"},{"taxonomy":"product_tag","embeddable":true,"href":"https:\/\/cigarquality.com\/ja\/wp-json\/wp\/v2\/product_tag?post=48836"}],"curies":[{"name":"wp","href":"https:\/\/api.w.org\/{rel}","templated":true}]}}