{"id":48822,"date":"2018-03-29T10:29:37","date_gmt":"2018-03-29T09:29:37","guid":{"rendered":"https:\/\/mkulcarx.preview.infomaniak.website\/produit\/ashton-vsg-robusto-especial\/"},"modified":"2025-10-06T13:55:03","modified_gmt":"2025-10-06T11:55:03","slug":"ashton-vsg-robusto-especial","status":"publish","type":"product","link":"https:\/\/cigarquality.com\/ja\/boutique\/cigares-dominicains\/ashton\/ashton-virgin-sun-grown\/ashton-vsg-robusto-especial\/","title":{"rendered":"Ashton VSG Robusto Especial (10)"},"content":{"rendered":"<p>L&rsquo;Ashton VSG Robusto Especial a une taille int\u00e9ressante pour un Robusto Extra, un peu plus long qu&rsquo;un Robusto. Les 140 mm de tabac offrent des premi\u00e8res volutes douces et cr\u00e9meuses loin de ce que l&rsquo;on a d\u00e9couvert dans le reste de la gamme Virgin Sun Grown. Le cuir domine lors du premier tiers, puis laisse place au poivre. La fum\u00e9e est riche et dense. Une vitole tr\u00e8s \u00e9volutive.<\/p>\n<p>&nbsp;<\/p>","protected":false},"excerpt":{"rendered":"<p>\u8449\u5dfb10\u672c\u5165\u308a\u3002.<\/p>","protected":false},"featured_media":48826,"template":"","meta":{"_acf_changed":false},"product_brand":[],"product_cat":[23113,32583,19809,19812],"product_tag":[1849,1851],"class_list":{"0":"post-48822","1":"product","2":"type-product","3":"status-publish","4":"has-post-thumbnail","6":"product_cat-ashton","7":"product_cat-ashton-virgin-sun-grown","8":"product_cat-cigares","9":"product_cat-cigares-dominicains","10":"product_tag-cuir","11":"product_tag-poivre","12":"product_shipping_class-cigares","14":"first","15":"instock","16":"sale","17":"taxable","18":"shipping-taxable","19":"purchasable","20":"product-type-simple"},"acf":[],"_links":{"self":[{"href":"https:\/\/cigarquality.com\/ja\/wp-json\/wp\/v2\/product\/48822","targetHints":{"allow":["GET"]}}],"collection":[{"href":"https:\/\/cigarquality.com\/ja\/wp-json\/wp\/v2\/product"}],"about":[{"href":"https:\/\/cigarquality.com\/ja\/wp-json\/wp\/v2\/types\/product"}],"wp:featuredmedia":[{"embeddable":true,"href":"https:\/\/cigarquality.com\/ja\/wp-json\/wp\/v2\/media\/48826"}],"wp:attachment":[{"href":"https:\/\/cigarquality.com\/ja\/wp-json\/wp\/v2\/media?parent=48822"}],"wp:term":[{"taxonomy":"product_brand","embeddable":true,"href":"https:\/\/cigarquality.com\/ja\/wp-json\/wp\/v2\/product_brand?post=48822"},{"taxonomy":"product_cat","embeddable":true,"href":"https:\/\/cigarquality.com\/ja\/wp-json\/wp\/v2\/product_cat?post=48822"},{"taxonomy":"product_tag","embeddable":true,"href":"https:\/\/cigarquality.com\/ja\/wp-json\/wp\/v2\/product_tag?post=48822"}],"curies":[{"name":"wp","href":"https:\/\/api.w.org\/{rel}","templated":true}]}}