{"id":48810,"date":"2018-03-29T10:29:37","date_gmt":"2018-03-29T09:29:37","guid":{"rendered":"https:\/\/mkulcarx.preview.infomaniak.website\/produit\/ashton-vsg-enchantment\/"},"modified":"2025-10-06T13:54:55","modified_gmt":"2025-10-06T11:54:55","slug":"ashton-vsg-enchantment","status":"publish","type":"product","link":"https:\/\/cigarquality.com\/ja\/boutique\/cigares-dominicains\/ashton\/ashton-virgin-sun-grown\/ashton-vsg-enchantment\/","title":{"rendered":"\u30a2\u30b7\u30e5\u30c8\u30f3VSG\u30a8\u30f3\u30c1\u30e3\u30f3\u30c8\u30e1\u30f3\u30c8 (22)"},"content":{"rendered":"<p>Surprenant et \u00e9poustouflant, <strong>l&rsquo;Ashton VSG Enchantment est presque aussi gros qu&rsquo;il est long.<\/strong> Un diam\u00e8tre de 24 mm pour une longueur de 110 mm. Le tirage est naturellement parfait, sans d\u00e9faut. Les premi\u00e8res saveurs <strong>de caf\u00e9, puis poivr\u00e9es se m\u00e9langent en bouche avec d\u00e9licatesse.<\/strong> La d\u00e9gustation \u00e9volue convenablement et une certaine lin\u00e9arit\u00e9 se montre rassurante.<\/p>","protected":false},"excerpt":{"rendered":"<p>22\u672c\u5165\u308a\u3002.<\/p>","protected":false},"featured_media":48814,"template":"","meta":{"_acf_changed":false},"product_brand":[],"product_cat":[23113,32583,19809,19812],"product_tag":[942,1851],"class_list":{"0":"post-48810","1":"product","2":"type-product","3":"status-publish","4":"has-post-thumbnail","6":"product_cat-ashton","7":"product_cat-ashton-virgin-sun-grown","8":"product_cat-cigares","9":"product_cat-cigares-dominicains","10":"product_tag-cafe","11":"product_tag-poivre","12":"product_shipping_class-cigares","14":"first","15":"instock","16":"sale","17":"taxable","18":"shipping-taxable","19":"purchasable","20":"product-type-simple"},"acf":[],"_links":{"self":[{"href":"https:\/\/cigarquality.com\/ja\/wp-json\/wp\/v2\/product\/48810","targetHints":{"allow":["GET"]}}],"collection":[{"href":"https:\/\/cigarquality.com\/ja\/wp-json\/wp\/v2\/product"}],"about":[{"href":"https:\/\/cigarquality.com\/ja\/wp-json\/wp\/v2\/types\/product"}],"wp:featuredmedia":[{"embeddable":true,"href":"https:\/\/cigarquality.com\/ja\/wp-json\/wp\/v2\/media\/48814"}],"wp:attachment":[{"href":"https:\/\/cigarquality.com\/ja\/wp-json\/wp\/v2\/media?parent=48810"}],"wp:term":[{"taxonomy":"product_brand","embeddable":true,"href":"https:\/\/cigarquality.com\/ja\/wp-json\/wp\/v2\/product_brand?post=48810"},{"taxonomy":"product_cat","embeddable":true,"href":"https:\/\/cigarquality.com\/ja\/wp-json\/wp\/v2\/product_cat?post=48810"},{"taxonomy":"product_tag","embeddable":true,"href":"https:\/\/cigarquality.com\/ja\/wp-json\/wp\/v2\/product_tag?post=48810"}],"curies":[{"name":"wp","href":"https:\/\/api.w.org\/{rel}","templated":true}]}}