{"id":48776,"date":"2018-03-29T10:29:37","date_gmt":"2018-03-29T09:29:37","guid":{"rendered":"https:\/\/mkulcarx.preview.infomaniak.website\/produit\/ashton-classic-esquire\/"},"modified":"2025-10-06T14:54:33","modified_gmt":"2025-10-06T12:54:33","slug":"ashton-classic-esquire","status":"publish","type":"product","link":"https:\/\/cigarquality.com\/ja\/boutique\/cigares-dominicains\/ashton\/ashton-classic\/ashton-classic-esquire\/","title":{"rendered":"\u30a2\u30b7\u30e5\u30c8\u30f3\u30fb\u30af\u30e9\u30b7\u30c3\u30af\u30fb\u30a8\u30b9\u30af\u30a1\u30a4\u30a2 (10)"},"content":{"rendered":"<p>L&rsquo;Ashton Classic Esquire est un petit compagnon l\u00e9ger, ne n\u00e9cessitant <strong>pas plus de 20 minutes de fumage.<\/strong> Ce Short Panatela refl\u00e8te bien le reste de la gamme et d\u00e9gage une fum\u00e9e relativement ample pour des ar\u00f4mes dominant de caf\u00e9 cr\u00e8me.<\/p>\n<p>Le fabricant le dote d\u2019un calibre\u00a031 en associant une longueur de 10,2\u00a0cm \u00e0 un diam\u00e8tre de 1,25\u00a0cm. Le cigare forme un module petit panatella. En le d\u00e9gustant, les amateurs de cigares dominicains sont combl\u00e9s durant une bonne quinzaine de minutes. La fabrication des\u00a0cigares Ashton\u00a0Classic Esquire se d\u00e9roule en R\u00e9publique dominicaine. Les feuilles de tabac sont roul\u00e9es enti\u00e8rement \u00e0 la main.<\/p>\n<p>Les feuilles de capes proviennent du Connecticut (USA) o\u00f9 elles sont cultiv\u00e9es dans des plantations sous serre. Elles affichent un magnifique brun or. Dans le jargon des puros cubains, on a une cape \u00e0 la couleur Colorado Claro. La teinte dor\u00e9e donne \u00e0 ce cigare une allure superbe\u00a0! La tripe et la sous-cape sont r\u00e9alis\u00e9es exclusivement avec du tabac dominicain qui a subi un processus de vieillissement sur 3 \u00e0 4 ans. Il s\u2019agit d\u2019un cigare \u00e0 tripe longue.<\/p>\n<p>La combustibilit\u00e9 est correcte avec une progression uniforme. L\u2019Ashton Classic Esquire est un cigare de force moyenne. Sa d\u00e9gustation est recommand\u00e9e aux fumeurs d\u00e9butants ainsi qu\u2019aux amoureux des cigares mod\u00e9r\u00e9ment puissants. La vitole lib\u00e8re une note cr\u00e9meuse mari\u00e9e \u00e0 un go\u00fbt de noix.<\/p>","protected":false},"excerpt":{"rendered":"<p>\u8449\u5dfb10\u672c\u5165\u308a\u3002.<\/p>","protected":false},"featured_media":48780,"template":"","meta":{"_acf_changed":false},"product_brand":[],"product_cat":[23113,23115,19809,19812],"product_tag":[],"class_list":{"0":"post-48776","1":"product","2":"type-product","3":"status-publish","4":"has-post-thumbnail","6":"product_cat-ashton","7":"product_cat-ashton-classic","8":"product_cat-cigares","9":"product_cat-cigares-dominicains","10":"product_shipping_class-cigares","12":"first","13":"instock","14":"sale","15":"taxable","16":"shipping-taxable","17":"purchasable","18":"product-type-simple"},"acf":[],"_links":{"self":[{"href":"https:\/\/cigarquality.com\/ja\/wp-json\/wp\/v2\/product\/48776","targetHints":{"allow":["GET"]}}],"collection":[{"href":"https:\/\/cigarquality.com\/ja\/wp-json\/wp\/v2\/product"}],"about":[{"href":"https:\/\/cigarquality.com\/ja\/wp-json\/wp\/v2\/types\/product"}],"wp:featuredmedia":[{"embeddable":true,"href":"https:\/\/cigarquality.com\/ja\/wp-json\/wp\/v2\/media\/48780"}],"wp:attachment":[{"href":"https:\/\/cigarquality.com\/ja\/wp-json\/wp\/v2\/media?parent=48776"}],"wp:term":[{"taxonomy":"product_brand","embeddable":true,"href":"https:\/\/cigarquality.com\/ja\/wp-json\/wp\/v2\/product_brand?post=48776"},{"taxonomy":"product_cat","embeddable":true,"href":"https:\/\/cigarquality.com\/ja\/wp-json\/wp\/v2\/product_cat?post=48776"},{"taxonomy":"product_tag","embeddable":true,"href":"https:\/\/cigarquality.com\/ja\/wp-json\/wp\/v2\/product_tag?post=48776"}],"curies":[{"name":"wp","href":"https:\/\/api.w.org\/{rel}","templated":true}]}}