{"id":48740,"date":"2018-03-29T10:29:37","date_gmt":"2018-03-29T09:29:37","guid":{"rendered":"https:\/\/mkulcarx.preview.infomaniak.website\/produit\/ashton-esg-23-year-toro\/"},"modified":"2025-12-03T03:08:37","modified_gmt":"2025-12-03T02:08:37","slug":"ashton-esg-23-year-salute-toro","status":"publish","type":"product","link":"https:\/\/cigarquality.com\/ja\/boutique\/cigares-dominicains\/ashton\/ashton-estate-sun-grown\/ashton-esg-23-year-salute-toro\/","title":{"rendered":"\u30a2\u30b7\u30e5\u30c8\u30f3ESG 23\u5e74 \u30b5\u30eb\u30fc\u30c6\u30fb\u30c8\u30ed (25)"},"content":{"rendered":"<p>Les cigares Ashton Estate Sun Grown 23 Year Salute Toro sont fabriqu\u00e9s <strong>en \u00e9dition limit\u00e9e \u00e0 partir des tabacs les plus rares cultiv\u00e9s \u00e0 la R\u00e9publique dominicaine, cultiv\u00e9s, s\u00e9ch\u00e9s et vieillis au Ch\u00e2teau de la Fuente<\/strong>. Ces cigares audacieux et \u00e9pic\u00e9s, transform\u00e9s en Toro, sont consid\u00e9r\u00e9s comme \u00abun plaisir inattendu\u00bb.<\/p>","protected":false},"excerpt":{"rendered":"<p>\u8449\u5dfb25\u672c\u5165\u308a\u3002.<\/p>","protected":false},"featured_media":48744,"template":"","meta":{"_acf_changed":false},"product_brand":[],"product_cat":[23113,32640,19809,19812],"product_tag":[],"class_list":{"0":"post-48740","1":"product","2":"type-product","3":"status-publish","4":"has-post-thumbnail","6":"product_cat-ashton","7":"product_cat-ashton-estate-sun-grown","8":"product_cat-cigares","9":"product_cat-cigares-dominicains","10":"product_shipping_class-cigares","12":"first","13":"instock","14":"taxable","15":"shipping-taxable","16":"purchasable","17":"product-type-simple"},"acf":[],"_links":{"self":[{"href":"https:\/\/cigarquality.com\/ja\/wp-json\/wp\/v2\/product\/48740","targetHints":{"allow":["GET"]}}],"collection":[{"href":"https:\/\/cigarquality.com\/ja\/wp-json\/wp\/v2\/product"}],"about":[{"href":"https:\/\/cigarquality.com\/ja\/wp-json\/wp\/v2\/types\/product"}],"wp:featuredmedia":[{"embeddable":true,"href":"https:\/\/cigarquality.com\/ja\/wp-json\/wp\/v2\/media\/48744"}],"wp:attachment":[{"href":"https:\/\/cigarquality.com\/ja\/wp-json\/wp\/v2\/media?parent=48740"}],"wp:term":[{"taxonomy":"product_brand","embeddable":true,"href":"https:\/\/cigarquality.com\/ja\/wp-json\/wp\/v2\/product_brand?post=48740"},{"taxonomy":"product_cat","embeddable":true,"href":"https:\/\/cigarquality.com\/ja\/wp-json\/wp\/v2\/product_cat?post=48740"},{"taxonomy":"product_tag","embeddable":true,"href":"https:\/\/cigarquality.com\/ja\/wp-json\/wp\/v2\/product_tag?post=48740"}],"curies":[{"name":"wp","href":"https:\/\/api.w.org\/{rel}","templated":true}]}}